{"id":10591,"date":"2025-06-28T11:02:50","date_gmt":"2025-06-28T11:02:50","guid":{"rendered":"https:\/\/neferdegypte.com\/?page_id=10591"},"modified":"2025-07-22T07:23:20","modified_gmt":"2025-07-22T07:23:20","slug":"circuits-touristiques","status":"publish","type":"page","link":"https:\/\/neferdegypte.com\/en\/circuits-touristiques\/","title":{"rendered":"Circuits Touristiques"},"content":{"rendered":"<div data-elementor-type=\"wp-page\" data-elementor-id=\"10591\" class=\"elementor elementor-10591\">\n\t\t\t\t\t\t<section class=\"elementor-section elementor-top-section elementor-element elementor-element-dceb7ee elementor-hidden-desktop elementor-hidden-tablet elementor-hidden-mobile elementor-section-boxed elementor-section-height-default elementor-section-height-default\" data-id=\"dceb7ee\" data-element_type=\"section\">\n\t\t\t\t\t\t<div class=\"elementor-container elementor-column-gap-default\">\n\t\t\t\t\t<div class=\"elementor-column elementor-col-100 elementor-top-column elementor-element elementor-element-29ee397\" data-id=\"29ee397\" data-element_type=\"column\">\n\t\t\t<div class=\"elementor-widget-wrap elementor-element-populated\">\n\t\t\t\t\t\t<div class=\"elementor-element elementor-element-c44a391 elementor-widget elementor-widget-ovabrw_search_ajax_sidebar\" data-id=\"c44a391\" data-element_type=\"widget\" data-widget_type=\"ovabrw_search_ajax_sidebar.default\">\n\t\t\t\t<div class=\"elementor-widget-container\">\n\t\t\t\t\t\n<div class=\"ovabrw-search-ajax ovabrw-search-ajax-sidebar\">\n\t<div class=\"wrap-search-ajax wrap-search-ajax-sidebar left_sidebar\" \n\t    data-adults=\"2\"\n\t    data-childrens=\"0\" \n\t    data-babies=\"0\" \n\t    data-sort_by_default=\"date\"\n\t    data-start-price=\"12\"\n\t    data-end-price=\"260\"\n\t    data-grid_column=\"column3\"\n\t    data-thumbnail-type=\"image\">\n\n\t\t<div class=\"search-main-content\">\n\t\t    <!-- Filter -->\n\t\t\t\n\t\t\t<!-- Load more -->\n\t\t\t<div class=\"wrap-load-more\" style=\"display: none;\">\n\t\t\t\t<svg class=\"loader\" width=\"50\" height=\"50\">\n\t\t\t\t\t<circle cx=\"25\" cy=\"25\" r=\"10\" \/>\n\t\t\t\t\t<circle cx=\"25\" cy=\"25\" r=\"20\" \/>\n\t\t\t\t<\/svg>\n\t\t\t<\/div>\n\t\t\t<!-- End load more -->\n\n\t\t\t<!-- Search result -->\n\t\t\t\t\t\t\t<div \n\t\t\t\t\tid=\"brw-search-ajax-result\" \n\t\t\t\t\tclass=\"brw-search-ajax-result\" \n\t\t\t\t\tdata-order=\"DESC\" \n\t\t\t\t\tdata-orderby=\"ID\"\n\t\t\t\t\tdata-orderby_meta_key=\"\" \n\t\t\t\t\tdata-posts-per-page=\"6\" \n\t\t\t\t\tdata-defautl-category=\"[&quot;tour-packages&quot;]\" \n\t\t\t\t\tdata-show-category=\"\">\n\t\t\t\t<\/div>\n\t\t\t\t\t<\/div>\n\n\t\t<!-- Search Sidebar -->\n\t\t<div class=\"search-ajax-sidebar\">\n            <!--Search -->\n\t\t\t<div class=\"ovabrw-search\">\n\t\t\t\t\t\t\t    \t<h4 class=\"search-title\">\n\t\t\t    \t\t Rechercher Circuits Touristiques \t\t\t    \t\t<i aria-hidden=\"true\" class=\"icomoon icomoon-chevron-up\"><\/i>\n\t\t\t    \t<\/h4>\n\t\t\t\t\t\t\t\t<form class=\"ovabrw-search-form\" method=\"POST\" autocomplete=\"off\" action=\"\">\t\n\t\t\t\t\t<div class=\"ovabrw-s-field\">\n\t\t\t\t\t\t<!-- destinations dropdown -->\n\t\t\t\t\t\t\t\t\t\t\t\t\t<div class=\"search-field\">\n\t\t\t\t\t\t\t\t<div class=\"ovabrw-label\">\n\t\t\t\t\t\t\t\t\t<i aria-hidden=\"true\" class=\"icomoon icomoon-location\"><\/i>\t\t\t\t\t\t\t\t<\/div>\n\t\t\t\t\t\t\t\t<div class=\"ovabrw-input search_in_destination\">\n\t\t\t\t\t\t\t\t\t                                                                                                                                                                                                                                                                                        <select id=\"brw-destinations-select-box\" name=\"ovabrw_destination\"><option value=\"all\">Destinations<\/option><optgroup label=\"America\"><option value=\"993\">Barbados<\/option><option value=\"995\">Louxor<\/option><option value=\"964\">Virgin Islands<\/option><\/optgroup><optgroup label=\"Asia\"><option value=\"999\">East Asia<\/option><option value=\"3627\">Viet Nam<\/option><\/optgroup><optgroup label=\"Caribbean\"><option value=\"991\">The Grenadines<\/option><option value=\"964\">Virgin Islands<\/option><\/optgroup><optgroup label=\"Europe\"><option value=\"1001\">Europe<\/option><option value=\"997\">Scandinavia<\/option><\/optgroup><optgroup label=\"South East Asia\"><option value=\"3627\">Viet Nam<\/option><\/optgroup><\/select>\t\t\t\t\t\t\t\t<\/div>\n\t\t\t\t\t\t\t<\/div>\n\t\t\t\t\t\t\n\t\t\t\t        \n\t\t\t\t\t\t<!-- Taxonomies -->\n\t\t\t\t\t\t\n\t\t\t            <!-- time check in -->\n\t\t\t            \t\t\t\t\t\t\t<div class=\"search-field\">\n\t\t\t\t\t\t\t\t<div class=\"ovabrw-input\">\n\t\t\t\t\t\t\t\t\t<div class=\"ovabrw-label\">\n\t\t\t\t\t\t\t\t\t\t<i aria-hidden=\"true\" class=\"icomoon icomoon-calander\"><\/i>\t\t\t\t\t\t\t\t\t<\/div>\n\t\t\t\t\t\t\t\t\t<input\n\t\t\t\t\t\t\t\t\t\ttype=\"text\"\n\t\t\t\t\t\t\t\t\t\tname=\"ovabrw_pickup_date\" \n\t\t\t\t\t\t\t\t\t\tclass=\"ovabrw_datetimepicker ovabrw_start_date\"\n\t\t\t\t\t\t\t\t\t\tvalue=\"\"\n\t\t\t\t\t\t\t\t\t\tplaceholder=\"DD-MM-YYYY\" \n\t\t\t\t\t\t\t\t\t\tautocomplete=\"off\" \n\t\t\t\t\t\t\t\t\t\tdata-hour_default=\"07:00\" \n\t\t\t\t\t\t\t\t\t\tdata-time_step=\"30\" \n\t\t\t\t\t\t\t\t\t\tdata-dateformat=\"d-m-Y\" \n\t\t\t\t\t\t\t\t\t\tonkeydown=\"return false\" \n\t\t\t\t\t\t\t\t\t\tonfocus=\"blur();\" \n\t\t\t\t\t\t            \/>\n\t\t\t\t\t\t\t\t<\/div>\n\t\t\t\t\t\t\t<\/div>\n\t\t\t\t\t\t\n\t\t\t            <!-- guest -->\n\t\t\t            \t\t\t\t\t\t\t<div class=\"search-field guestspicker-control\">\n\t\t\t\t\t\t\t\t<div class=\"ovabrw-input ovabrw-guestspicker-content-wrapper\">\n\t\t\t\t\t\t\t\t\t<div class=\"ovabrw-label\">\n\t\t\t\t\t\t\t\t\t\t<i aria-hidden=\"true\" class=\"icomoon icomoon-user\"><\/i>\t\t\t\t\t\t\t\t\t<\/div>\n\t\t\t\t\t\t\t\t\t<div class=\"ovabrw-guestspicker\">\n\t\t\t\t\t\t\t\t\t\t<div class=\"guestspicker\">\n\t\t\t\t\t\t\t\t\t\t\t<span class=\"gueststotal\">2<\/span>\n\t\t\t\t\t\t\t\t\t\t\t<span class=\"guestslabel\"><\/span>\n\t\t\t\t\t\t\t\t\t\t<\/div>\n\t\t\t\t\t\t\t\t\t<\/div>\n\t\t\t\t\t\t\t\t\t<div class=\"ovabrw-guestspicker-content\">\n\t\t\t\t\t\t\t\t\t\t\t\t\t\t\t\t\t\t\t\t\t<div class=\"guests-buttons\">\n\t\t\t\t\t\t\t\t\t\t\t\t<div class=\"description\">\n\t\t\t\t\t\t\t\t\t\t\t\t\t<label>Adultes<\/label>\n\t\t\t\t\t\t\t\t\t\t\t\t<\/div>\n\t\t\t\t\t\t\t\t\t\t\t\t<div class=\"guests-button\">\n\t\t\t\t\t\t\t\t\t\t\t\t\t<div class=\"guests-icon minus\">\n\t\t\t\t\t\t\t\t\t\t\t\t\t\t<i class=\"fas fa-minus\"><\/i>\n\t\t\t\t\t\t\t\t\t\t\t\t\t<\/div>\n\t\t\t\t\t\t\t\t\t\t\t\t\t<input \n\t\t\t\t\t\t\t\t\t\t\t\t\t\ttype=\"text\" \n\t\t\t\t\t\t\t\t\t\t\t\t\t\tid=\"ovabrw_adults\" \n\t\t\t\t\t\t\t\t\t\t\t\t\t\tname=\"ovabrw_adults\" \n\t\t\t\t\t\t\t\t\t\t\t\t\t\tclass=\"ovabrw_adults\" \n\t\t\t\t\t\t\t\t\t\t\t\t\t\tvalue=\"2\" \n\t\t\t\t\t\t\t\t\t\t\t\t\t\tmin=\"1\" \n\t\t\t\t\t\t\t\t\t\t\t\t\t\tmax=\"30\" \/>\n\t\t\t\t\t\t\t\t\t\t\t\t\t<div class=\"guests-icon plus\">\n\t\t\t\t\t\t\t\t\t\t\t\t\t\t<i class=\"fas fa-plus\"><\/i>\n\t\t\t\t\t\t\t\t\t\t\t\t\t<\/div>\n\t\t\t\t\t\t\t\t\t\t\t\t<\/div>\n\t\t\t\t\t\t\t\t\t\t\t<\/div>\n\t\t\t\t\t\t\t\t\t\t\n\t\t\t\t\t\t\t\t\t\t\t\t\t\t\t\t\t\t\t\t\t<div class=\"guests-buttons\">\n\t\t\t\t\t\t\t\t\t\t\t\t<div class=\"description\">\n\t\t\t\t\t\t\t\t\t\t\t\t\t<label>Enfants<\/label>\n\t\t\t\t\t\t\t\t\t\t\t\t<\/div>\n\t\t\t\t\t\t\t\t\t\t\t\t<div class=\"guests-button\">\n\t\t\t\t\t\t\t\t\t\t\t\t\t<div class=\"guests-icon minus\">\n\t\t\t\t\t\t\t\t\t\t\t\t\t\t<i class=\"fas fa-minus\"><\/i>\n\t\t\t\t\t\t\t\t\t\t\t\t\t<\/div>\n\t\t\t\t\t\t\t\t\t\t\t\t\t<input \n\t\t\t\t\t\t\t\t\t\t\t\t\t\ttype=\"text\" \n\t\t\t\t\t\t\t\t\t\t\t\t\t\tid=\"ovabrw_childrens\" \n\t\t\t\t\t\t\t\t\t\t\t\t\t\tname=\"ovabrw_childrens\" \n\t\t\t\t\t\t\t\t\t\t\t\t\t\tclass=\"ovabrw_childrens\" \n\t\t\t\t\t\t\t\t\t\t\t\t\t\tvalue=\"0\" \n\t\t\t\t\t\t\t\t\t\t\t\t\t\tmin=\"0\" \n\t\t\t\t\t\t\t\t\t\t\t\t\t\tmax=\"10\" \/>\n\t\t\t\t\t\t\t\t\t\t\t\t\t<div class=\"guests-icon plus\">\n\t\t\t\t\t\t\t\t\t\t\t\t\t\t<i class=\"fas fa-plus\"><\/i>\n\t\t\t\t\t\t\t\t\t\t\t\t\t<\/div>\n\t\t\t\t\t\t\t\t\t\t\t\t<\/div>\n\t\t\t\t\t\t\t\t\t\t\t<\/div>\n\t\t\t\t\t\t\t\t\t\t\n\t\t\t\t\t\t\t\t\t\t\t\t\t\t\t\t\t\t\t\t\t<div class=\"guests-buttons\">\n\t\t\t\t\t\t\t\t\t\t\t\t<div class=\"description\">\n\t\t\t\t\t\t\t\t\t\t\t\t\t<label>B\u00e9b\u00e9s<\/label>\n\t\t\t\t\t\t\t\t\t\t\t\t<\/div>\n\t\t\t\t\t\t\t\t\t\t\t\t<div class=\"guests-button\">\n\t\t\t\t\t\t\t\t\t\t\t\t\t<div class=\"guests-icon minus\">\n\t\t\t\t\t\t\t\t\t\t\t\t\t\t<i class=\"fas fa-minus\"><\/i>\n\t\t\t\t\t\t\t\t\t\t\t\t\t<\/div>\n\t\t\t\t\t\t\t\t\t\t\t\t\t<input \n\t\t\t\t\t\t\t\t\t\t\t\t\t\ttype=\"text\" \n\t\t\t\t\t\t\t\t\t\t\t\t\t\tid=\"ovabrw_babies\" \n\t\t\t\t\t\t\t\t\t\t\t\t\t\tname=\"ovabrw_babies\" \n\t\t\t\t\t\t\t\t\t\t\t\t\t\tclass=\"ovabrw_babies\" \n\t\t\t\t\t\t\t\t\t\t\t\t\t\tvalue=\"0\" \n\t\t\t\t\t\t\t\t\t\t\t\t\t\tmin=\"0\" \n\t\t\t\t\t\t\t\t\t\t\t\t\t\tmax=\"10\" \/>\n\t\t\t\t\t\t\t\t\t\t\t\t\t<div class=\"guests-icon plus\">\n\t\t\t\t\t\t\t\t\t\t\t\t\t\t<i class=\"fas fa-plus\"><\/i>\n\t\t\t\t\t\t\t\t\t\t\t\t\t<\/div>\n\t\t\t\t\t\t\t\t\t\t\t\t<\/div>\n\t\t\t\t\t\t\t\t\t\t\t<\/div>\n\t\t\t\t\t\t\t\t\t\t\t\t\t\t\t\t\t\t\t<\/div>\n\t\t\t\t\t\t\t\t<\/div>\n\t\t\t\t\t\t\t<\/div>\n\t\t\t\t\t\t\t\t\t\t\t<\/div>\n\n\t\t\t\t\t<!-- Advanced Search -->\n\t\t\t\t\t\t\t\t\t        <div class=\"ovabrw-search-advanced-sidebar\">\n\n\t\t\t\t        \t<div class=\"search-advanced-field-wrapper\">\n\t\t\t\t        \t\t<!-- Price Filter -->\n\t\t\t\t        \t\t\t\t\t\t\t        \t    <div class=\"search-advanced-field price-field\">\n\t\t\t\t\t        \t    \t<span class=\"ovabrw-label\">\n\t\t\t\t\t        \t    \t\tFiltrer par prix\t\t\t\t\t        \t    \t\t<i aria-hidden=\"true\" class=\"icomoon icomoon-chevron-up\"><\/i>\n\t\t\t\t\t        \t    \t<\/span>\n\t\t\t\t\t        \t    \t<div class=\"search-advanced-content\">\n\t\t\t\t\t        \t    \t\t<div class=\"slider-wrapper\">\n\t\t\t\t\t\t\t\t\t\t    <div id=\"brw-tour-price-slider\"><\/div>\n\t\t\t\t\t\t\t\t\t\t\t<\/div>\n\t\t\t\t\t\t\t\t\t\t\t<div class=\"brw-tour-price-input\" data-currency_symbol=\"&euro;\" data-auto=\"\">\n\t\t\t\t\t\t\t\t\t\t\t\t<div class=\"tour-price-value\">\n\t\t\t\t\t\t\t\t\t\t\t\t\t<span>&euro;<\/span>\n\t\t\t\t\t\t\t        \t    \t    <input type=\"text\" class=\"brw-tour-price-from\" value=\"12\" data-value=\"12\"\/>\n\t\t\t\t\t\t\t\t\t\t\t\t<\/div>\n\t\t\t\t\t\t\t\t\t\t\t\t<div class=\"tour-price-value\">\n\t\t\t\t\t\t\t\t\t\t\t\t\t<span>&euro;<\/span>\n\t\t\t\t\t\t\t\t\t\t\t\t\t<input type=\"text\" class=\"brw-tour-price-to\" value=\"260\" data-value=\"260\"\/>\n\t\t\t\t\t\t\t\t\t\t\t\t<\/div>\n\t\t\t\t\t\t\t\t\t\t\t<\/div>\n\t\t\t\t\t        \t    \t<\/div>\n\t\t\t\t\t        \t    <\/div>\n\t\t\t\t\t        \t\n\t\t\t\t        \t    <!-- Rating Filter -->\n\t\t\t\t        \t    \n\t\t\t\t        \t    <!-- Tour Categories Filter -->\n\t\t\t\t        \t    \n\t\t\t\t\t        \t<!-- Duration Filter -->\n\t\t\t\t        \t\t\t\t\t\t\t        \t    <div class=\"search-advanced-field tour-duration-field\">\n\t\t\t\t\t        \t    \t<span class=\"ovabrw-label\">\n\t\t\t\t\t        \t    \t\tDur\u00e9e\t\t\t\t\t        \t    \t<\/span>\n\t\t\t\t\t        \t    \t\t\t\t\t\t                \t\t<div class=\"duration-field\">\n\t\t\t\t\t\t                \t\t<input id=\"duration-filter-0\" type=\"radio\" class=\"duration-filter\" name=\"duration_value_from\" value=\"0\">\n\t\t\t\t\t\t                \t\t<input type=\"hidden\" class=\"duration-filter-to\" name=\"duration_value_to\" value=\"3\">\n\t\t\t\t\t\t                \t\t<input type=\"hidden\" class=\"duration-filter-type\" name=\"duration_value_type\" value=\"hour\">\n\n\t\t\t\t\t\t        \t     \t\t<label for=\"duration-filter-0\">\n\t\t\t\t\t\t\t\t\t\t\t\t\t<span class=\"duration-name\">\n\t\t\t\t\t\t\t\t\t\t\t\t\t\t0-3 Heures\t\t\t\t\t\t\t\t\t\t\t\t\t<\/span>\n\t\t\t\t\t\t\t\t\t\t\t\t<\/label>\n\t\t\t\t\t                \t\t<\/div>\n\t\t\t\t\t                \t\t\t\t\t\t                \t\t<div class=\"duration-field\">\n\t\t\t\t\t\t                \t\t<input id=\"duration-filter-1\" type=\"radio\" class=\"duration-filter\" name=\"duration_value_from\" value=\"3\">\n\t\t\t\t\t\t                \t\t<input type=\"hidden\" class=\"duration-filter-to\" name=\"duration_value_to\" value=\"5\">\n\t\t\t\t\t\t                \t\t<input type=\"hidden\" class=\"duration-filter-type\" name=\"duration_value_type\" value=\"hour\">\n\n\t\t\t\t\t\t        \t     \t\t<label for=\"duration-filter-1\">\n\t\t\t\t\t\t\t\t\t\t\t\t\t<span class=\"duration-name\">\n\t\t\t\t\t\t\t\t\t\t\t\t\t\t3-5 Heures\t\t\t\t\t\t\t\t\t\t\t\t\t<\/span>\n\t\t\t\t\t\t\t\t\t\t\t\t<\/label>\n\t\t\t\t\t                \t\t<\/div>\n\t\t\t\t\t                \t\t\t\t\t\t                \t\t<div class=\"duration-field\">\n\t\t\t\t\t\t                \t\t<input id=\"duration-filter-2\" type=\"radio\" class=\"duration-filter\" name=\"duration_value_from\" value=\"5\">\n\t\t\t\t\t\t                \t\t<input type=\"hidden\" class=\"duration-filter-to\" name=\"duration_value_to\" value=\"7\">\n\t\t\t\t\t\t                \t\t<input type=\"hidden\" class=\"duration-filter-type\" name=\"duration_value_type\" value=\"hour\">\n\n\t\t\t\t\t\t        \t     \t\t<label for=\"duration-filter-2\">\n\t\t\t\t\t\t\t\t\t\t\t\t\t<span class=\"duration-name\">\n\t\t\t\t\t\t\t\t\t\t\t\t\t\t5-7 Heures\t\t\t\t\t\t\t\t\t\t\t\t\t<\/span>\n\t\t\t\t\t\t\t\t\t\t\t\t<\/label>\n\t\t\t\t\t                \t\t<\/div>\n\t\t\t\t\t                \t\t\t\t\t\t                \t\t<div class=\"duration-field\">\n\t\t\t\t\t\t                \t\t<input id=\"duration-filter-3\" type=\"radio\" class=\"duration-filter\" name=\"duration_value_from\" value=\"7\">\n\t\t\t\t\t\t                \t\t<input type=\"hidden\" class=\"duration-filter-to\" name=\"duration_value_to\" value=\"\">\n\t\t\t\t\t\t                \t\t<input type=\"hidden\" class=\"duration-filter-type\" name=\"duration_value_type\" value=\"hour\">\n\n\t\t\t\t\t\t        \t     \t\t<label for=\"duration-filter-3\">\n\t\t\t\t\t\t\t\t\t\t\t\t\t<span class=\"duration-name\">\n\t\t\t\t\t\t\t\t\t\t\t\t\t\t+7 Heures\t\t\t\t\t\t\t\t\t\t\t\t\t<\/span>\n\t\t\t\t\t\t\t\t\t\t\t\t<\/label>\n\t\t\t\t\t                \t\t<\/div>\n\t\t\t\t\t                \t\t\t\t\t\t                \t\t<div class=\"duration-field\">\n\t\t\t\t\t\t                \t\t<input id=\"duration-filter-4\" type=\"radio\" class=\"duration-filter\" name=\"duration_value_from\" value=\"1\">\n\t\t\t\t\t\t                \t\t<input type=\"hidden\" class=\"duration-filter-to\" name=\"duration_value_to\" value=\"3\">\n\t\t\t\t\t\t                \t\t<input type=\"hidden\" class=\"duration-filter-type\" name=\"duration_value_type\" value=\"day\">\n\n\t\t\t\t\t\t        \t     \t\t<label for=\"duration-filter-4\">\n\t\t\t\t\t\t\t\t\t\t\t\t\t<span class=\"duration-name\">\n\t\t\t\t\t\t\t\t\t\t\t\t\t\t1-3 Jours\t\t\t\t\t\t\t\t\t\t\t\t\t<\/span>\n\t\t\t\t\t\t\t\t\t\t\t\t<\/label>\n\t\t\t\t\t                \t\t<\/div>\n\t\t\t\t\t                \t\t\t\t\t\t                \t\t<div class=\"duration-field\">\n\t\t\t\t\t\t                \t\t<input id=\"duration-filter-5\" type=\"radio\" class=\"duration-filter\" name=\"duration_value_from\" value=\"3\">\n\t\t\t\t\t\t                \t\t<input type=\"hidden\" class=\"duration-filter-to\" name=\"duration_value_to\" value=\"\">\n\t\t\t\t\t\t                \t\t<input type=\"hidden\" class=\"duration-filter-type\" name=\"duration_value_type\" value=\"day\">\n\n\t\t\t\t\t\t        \t     \t\t<label for=\"duration-filter-5\">\n\t\t\t\t\t\t\t\t\t\t\t\t\t<span class=\"duration-name\">\n\t\t\t\t\t\t\t\t\t\t\t\t\t\t+3 Jours\t\t\t\t\t\t\t\t\t\t\t\t\t<\/span>\n\t\t\t\t\t\t\t\t\t\t\t\t<\/label>\n\t\t\t\t\t                \t\t<\/div>\n\t\t\t\t\t                \t\t\t\t\t\t        \t    <\/div>\n\t\t\t\t\t        \t\t\t\t\t        \t<\/div>\n\t\t\t\t        <\/div>\n\t\t\t\t    \n\t\t\t\t    <!-- button -->\n\t\t\t\t\t<div class=\"ovabrw-search-btn\">\n\t\t\t\t\t\t<button class=\"ovabrw-btn\" type=\"submit\">\n\t\t\t\t\t\t\t<i aria-hidden=\"true\" class=\"icomoon icomoon-search\"><\/i>Rechercher\t\t\t\t\t\t<\/button>\t\t\n\t\t\t\t\t<\/div>\n\t\t\t\t<input type=\"hidden\" name=\"trp-form-language\" value=\"en\"\/><\/form>\n\t\t\t<\/div>\n\t\t<\/div>\n\n    <\/div>\n<\/div>\t\t\t\t<\/div>\n\t\t\t\t<\/div>\n\t\t\t\t\t<\/div>\n\t\t<\/div>\n\t\t\t\t\t<\/div>\n\t\t<\/section>\n\t\t<div class=\"elementor-element elementor-element-f5a95c6 e-flex e-con-boxed e-con e-parent\" data-id=\"f5a95c6\" data-element_type=\"container\">\n\t\t\t\t\t<div class=\"e-con-inner\">\n\t\t\t\t<div class=\"elementor-element elementor-element-e9a0719 elementor-widget elementor-widget-ovabrw_product_category_ajax\" data-id=\"e9a0719\" data-element_type=\"widget\" data-widget_type=\"ovabrw_product_category_ajax.default\">\n\t\t\t\t<div class=\"elementor-widget-container\">\n\t\t\t\t\t\n<div class=\"ovabrw-category-ajax\">\n\t<ul class=\"ovabrw-category-list\">\n\t\t\t\t\t\t\t\t\t<li class=\"category-item active\" data-term-id=\"37\">\n\t\t\t\t\tVoyages organis\u00e9s\t\t\t\t<\/li>\n\t\t\t\t\t\t<\/ul>\n\t<div class=\"ovabrw-category-products\"><\/div>\n\t<!-- Load more -->\n\t<div class=\"wrap-load-more\">\n\t\t<svg class=\"loader\" width=\"50\" height=\"50\">\n\t\t\t<circle cx=\"25\" cy=\"25\" r=\"10\" \/>\n\t\t\t<circle cx=\"25\" cy=\"25\" r=\"20\" \/>\n\t\t<\/svg>\n\t<\/div>\n\t<input\n\t\ttype=\"hidden\"\n\t\tname=\"category-ajax-input\"\n\t\tdata-posts-per-page=\"6\"\n\t\tdata-paged=\"1\"\n\t\tdata-order=\"DESC\"\n\t\tdata-orderby=\"date\"\n\t\tdata-layout=\"grid\"\n\t\tdata-grid_template=\"template_1\"\n\t\tdata-column=\"column3\"\n\t\tdata-thumbnail-type=\"image\"\n\t\tdata-pagination=\"yes\"\n\t\/>\n<\/div>\t\t\t\t<\/div>\n\t\t\t\t<\/div>\n\t\t\t\t\t<\/div>\n\t\t\t\t<\/div>\n\t\t\t\t<\/div>","protected":false},"excerpt":{"rendered":"<p>Rechercher Circuits Touristiques DestinationsBarbadosLouxorVirgin IslandsEast AsiaViet NamThe GrenadinesVirgin IslandsEuropeScandinaviaViet Nam 2 Adultes Enfants B\u00e9b\u00e9s Filtrer par prix &euro; &euro; Dur\u00e9e 0-3 Heures 3-5 Heures 5-7 Heures +7 Heures 1-3 Jours +3 Jours Rechercher Voyages organis\u00e9s<\/p>","protected":false},"author":1,"featured_media":0,"parent":0,"menu_order":0,"comment_status":"closed","ping_status":"closed","template":"elementor_header_footer","meta":{"footnotes":""},"class_list":["post-10591","page","type-page","status-publish","hentry"],"jetpack_sharing_enabled":true,"_links":{"self":[{"href":"https:\/\/neferdegypte.com\/en\/wp-json\/wp\/v2\/pages\/10591","targetHints":{"allow":["GET"]}}],"collection":[{"href":"https:\/\/neferdegypte.com\/en\/wp-json\/wp\/v2\/pages"}],"about":[{"href":"https:\/\/neferdegypte.com\/en\/wp-json\/wp\/v2\/types\/page"}],"author":[{"embeddable":true,"href":"https:\/\/neferdegypte.com\/en\/wp-json\/wp\/v2\/users\/1"}],"replies":[{"embeddable":true,"href":"https:\/\/neferdegypte.com\/en\/wp-json\/wp\/v2\/comments?post=10591"}],"version-history":[{"count":76,"href":"https:\/\/neferdegypte.com\/en\/wp-json\/wp\/v2\/pages\/10591\/revisions"}],"predecessor-version":[{"id":11928,"href":"https:\/\/neferdegypte.com\/en\/wp-json\/wp\/v2\/pages\/10591\/revisions\/11928"}],"wp:attachment":[{"href":"https:\/\/neferdegypte.com\/en\/wp-json\/wp\/v2\/media?parent=10591"}],"curies":[{"name":"wp","href":"https:\/\/api.w.org\/{rel}","templated":true}]}}