{"id":11668,"date":"2025-07-13T10:47:02","date_gmt":"2025-07-13T10:47:02","guid":{"rendered":"https:\/\/neferdegypte.com\/?post_type=product&#038;p=11668"},"modified":"2025-07-30T09:19:20","modified_gmt":"2025-07-30T09:19:20","slug":"spectacle-son-et-lumiere-a-karnak","status":"publish","type":"product","link":"https:\/\/neferdegypte.com\/en\/product\/spectacle-son-et-lumiere-a-karnak\/","title":{"rendered":"Spectacle Son et Lumi\u00e8re \u00e0 Karnak"},"content":{"rendered":"<div data-elementor-type=\"wp-post\" data-elementor-id=\"11668\" class=\"elementor elementor-11668\">\n\t\t\t\t<div class=\"elementor-element elementor-element-3894a27c e-flex e-con-boxed e-con e-parent\" data-id=\"3894a27c\" data-element_type=\"container\">\n\t\t\t\t\t<div class=\"e-con-inner\">\n\t\t\t\t<div class=\"elementor-element elementor-element-56ad552 elementor-widget elementor-widget-heading\" data-id=\"56ad552\" data-element_type=\"widget\" data-widget_type=\"heading.default\">\n\t\t\t\t<div class=\"elementor-widget-container\">\n\t\t\t\t\t<h2 class=\"elementor-heading-title elementor-size-default\">Vue d'ensemble<\/h2>\t\t\t\t<\/div>\n\t\t\t\t<\/div>\n\t\t\t\t<div class=\"elementor-element elementor-element-7a850741 elementor-widget elementor-widget-text-editor\" data-id=\"7a850741\" data-element_type=\"widget\" data-widget_type=\"text-editor.default\">\n\t\t\t\t<div class=\"elementor-widget-container\">\n\t\t\t\t\t\t\t\t\t<p><strong>Visite nocturne au temple de Karnak. Pour assister au spectacle \u00ab\u00a0Son et Lumi\u00e8re\u00a0\u00bb\u00a0<\/strong><\/p>\t\t\t\t\t\t\t\t<\/div>\n\t\t\t\t<\/div>\n\t\t\t\t<div class=\"elementor-element elementor-element-18ab03e elementor-widget elementor-widget-text-editor\" data-id=\"18ab03e\" data-element_type=\"widget\" data-widget_type=\"text-editor.default\">\n\t\t\t\t<div class=\"elementor-widget-container\">\n\t\t\t\t\t\t\t\t\t<p>\u00ab\u00a0Son et Lumi\u00e8re\u00a0\u00bb\u00a0 a recours \u00e0 l&rsquo;illumination vari\u00e9e et \u00e0 la musique convenable accompagn\u00e9es de commentaires concis et simplifies pour faire ressusciter le pass\u00e9 dans des tableaux successifs qui flattent la vue et L\u2019ouie. Souvent le commentateur fait des digressions ayant rapport \u00e0 la civilisation humaine, \u00e0 l\u2019histoire et aux lieux o\u00f9 se trouvent les monuments dont il raconte l\u2019histoire; le tout est accompagn\u00e9 de musique m\u00e9lodieuse ou bruyante selon les \u00e9v\u00e9nements et le contexte historique . Le Son et Lumi\u00e8re aide beaucoup \u00e0 faire d\u00e9couvrir le pass\u00e9 et \u00e0 faire go\u00fbter ses r\u00e9cits, ses mythes et ses \u00e9v\u00e9nements les plus saillants. Mais la pr\u00e9paration exige beaucoup d&rsquo;efforts et de talents pour choisir les textes, \u00e9crire les sc\u00e9narios, composer la musique, doser la lumi\u00e8re et enfin r\u00e9aliser la mise en sc\u00e8ne en des tableaux vivants. L&rsquo;enregistrement des paroles, la musique accompagnant les r\u00e9cits historiques et le dosage des lumi\u00e8res constituent fune des plus d\u00e9licates op\u00e9rations de cette technique. De nombreux \u00e9crivains, artistes, ing\u00e9nieurs, et techniciens travaillent en harmonie pour r\u00e9aliser cette entreprise difficile.<\/p>\t\t\t\t\t\t\t\t<\/div>\n\t\t\t\t<\/div>\n\t\t\t\t<div class=\"elementor-element elementor-element-bba7bc2 elementor-widget elementor-widget-text-editor\" data-id=\"bba7bc2\" data-element_type=\"widget\" data-widget_type=\"text-editor.default\">\n\t\t\t\t<div class=\"elementor-widget-container\">\n\t\t\t\t\t\t\t\t\t<p>En 1972, \u00ab\u00a0Son et Lumi\u00e8re\u00a0\u00bb a \u00e9t\u00e9 introduit au temple de Karnak. Dans une sc\u00e8ne inoubliable, il nous raconte l\u2019histoire de Th\u00e8bes, ville aux cent portes, ainsi d\u00e9nomm\u00e9e par Hom\u00e8re. Dans d&rsquo;autres sc\u00e8nes, nous admirons l\u2019histoire des temples et des monuments de l\u2019ancienne capitale de l\u2019Egypte aux moments les plus glorieux de son histoire. Ce spectacle a connu un grand succ\u00e8s et devenu une des visites pr\u00e9f\u00e9r\u00e9es a Louxor.\u00a0\u00a0<\/p>\t\t\t\t\t\t\t\t<\/div>\n\t\t\t\t<\/div>\n\t\t\t\t<div class=\"elementor-element elementor-element-ee9ddb3 elementor-widget elementor-widget-text-editor\" data-id=\"ee9ddb3\" data-element_type=\"widget\" data-widget_type=\"text-editor.default\">\n\t\t\t\t<div class=\"elementor-widget-container\">\n\t\t\t\t\t\t\t\t\t<p><strong><span style=\"color: #dd2d01;\">N.B. La langue principale utilis\u00e9e pour la narration et les commentaires est l&rsquo;anglais (un seul spectacle fran\u00e7ais par semaine)\u00a0<\/span> <\/strong><\/p>\t\t\t\t\t\t\t\t<\/div>\n\t\t\t\t<\/div>\n\t\t\t\t\t<\/div>\n\t\t\t\t<\/div>\n\t\t<div class=\"elementor-element elementor-element-6c4b8d8 e-flex e-con-boxed e-con e-parent\" data-id=\"6c4b8d8\" data-element_type=\"container\">\n\t\t\t\t\t<div class=\"e-con-inner\">\n\t\t\t\t<div class=\"elementor-element elementor-element-7fec5c2 elementor-widget-divider--view-line elementor-widget elementor-widget-divider\" data-id=\"7fec5c2\" data-element_type=\"widget\" data-widget_type=\"divider.default\">\n\t\t\t\t<div class=\"elementor-widget-container\">\n\t\t\t\t\t\t\t<div class=\"elementor-divider\">\n\t\t\t<span class=\"elementor-divider-separator\">\n\t\t\t\t\t\t<\/span>\n\t\t<\/div>\n\t\t\t\t\t\t<\/div>\n\t\t\t\t<\/div>\n\t\t\t\t\t<\/div>\n\t\t\t\t<\/div>\n\t\t\t\t<\/div>","protected":false},"excerpt":{"rendered":"<ul>\n<li>Visite nocturne au temple de Karnak. Pour assister au spectacle \u00ab\u00a0Son et Lumi\u00e8re\u00a0\u00bb<\/li>\n<\/ul>","protected":false},"featured_media":11670,"comment_status":"open","ping_status":"closed","template":"","meta":[],"product_brand":[],"product_cat":[43],"product_tag":[],"class_list":{"0":"post-11668","1":"product","2":"type-product","3":"status-publish","4":"has-post-thumbnail","6":"product_cat-tours","8":"first","9":"instock","10":"shipping-taxable","11":"purchasable","12":"product-type-ovabrw_car_rental"},"jetpack_sharing_enabled":true,"_links":{"self":[{"href":"https:\/\/neferdegypte.com\/en\/wp-json\/wp\/v2\/product\/11668","targetHints":{"allow":["GET"]}}],"collection":[{"href":"https:\/\/neferdegypte.com\/en\/wp-json\/wp\/v2\/product"}],"about":[{"href":"https:\/\/neferdegypte.com\/en\/wp-json\/wp\/v2\/types\/product"}],"replies":[{"embeddable":true,"href":"https:\/\/neferdegypte.com\/en\/wp-json\/wp\/v2\/comments?post=11668"}],"version-history":[{"count":55,"href":"https:\/\/neferdegypte.com\/en\/wp-json\/wp\/v2\/product\/11668\/revisions"}],"predecessor-version":[{"id":12442,"href":"https:\/\/neferdegypte.com\/en\/wp-json\/wp\/v2\/product\/11668\/revisions\/12442"}],"wp:featuredmedia":[{"embeddable":true,"href":"https:\/\/neferdegypte.com\/en\/wp-json\/wp\/v2\/media\/11670"}],"wp:attachment":[{"href":"https:\/\/neferdegypte.com\/en\/wp-json\/wp\/v2\/media?parent=11668"}],"wp:term":[{"taxonomy":"product_brand","embeddable":true,"href":"https:\/\/neferdegypte.com\/en\/wp-json\/wp\/v2\/product_brand?post=11668"},{"taxonomy":"product_cat","embeddable":true,"href":"https:\/\/neferdegypte.com\/en\/wp-json\/wp\/v2\/product_cat?post=11668"},{"taxonomy":"product_tag","embeddable":true,"href":"https:\/\/neferdegypte.com\/en\/wp-json\/wp\/v2\/product_tag?post=11668"}],"curies":[{"name":"wp","href":"https:\/\/api.w.org\/{rel}","templated":true}]}}