{"id":11688,"date":"2025-07-12T11:27:16","date_gmt":"2025-07-12T11:27:16","guid":{"rendered":"https:\/\/neferdegypte.com\/?post_type=product&#038;p=11688"},"modified":"2025-07-30T09:19:53","modified_gmt":"2025-07-30T09:19:53","slug":"balade-sur-le-nile-en-felouque","status":"publish","type":"product","link":"https:\/\/neferdegypte.com\/en\/product\/balade-sur-le-nile-en-felouque\/","title":{"rendered":"Balade sur le Nile en Felouque"},"content":{"rendered":"<div data-elementor-type=\"wp-post\" data-elementor-id=\"11688\" class=\"elementor elementor-11688\">\n\t\t\t\t<div class=\"elementor-element elementor-element-3894a27c e-flex e-con-boxed e-con e-parent\" data-id=\"3894a27c\" data-element_type=\"container\">\n\t\t\t\t\t<div class=\"e-con-inner\">\n\t\t\t\t<div class=\"elementor-element elementor-element-56ad552 elementor-widget elementor-widget-heading\" data-id=\"56ad552\" data-element_type=\"widget\" data-widget_type=\"heading.default\">\n\t\t\t\t<div class=\"elementor-widget-container\">\n\t\t\t\t\t<h2 class=\"elementor-heading-title elementor-size-default\">Vue d'ensemble<\/h2>\t\t\t\t<\/div>\n\t\t\t\t<\/div>\n\t\t\t\t<div class=\"elementor-element elementor-element-7a850741 elementor-widget elementor-widget-text-editor\" data-id=\"7a850741\" data-element_type=\"widget\" data-widget_type=\"text-editor.default\">\n\t\t\t\t<div class=\"elementor-widget-container\">\n\t\t\t\t\t\t\t\t\t<p>La felouque c\u2019est un bateau traditionnel \u00e0 voile en bois, C\u2019\u00e9tait le moyen de transport locale \u00e0 l\u2019\u00e9poque des anc\u00eatres, des sc\u00e8nes importantes dans les temples\u00a0 C\u2019est l&rsquo;un des grands moments \u00e0 Louxor et une mani\u00e8re id\u00e9ale de profiter une exp\u00e9rience de navigation fantastique sur le fleuve le plus long du monde.<\/p>\t\t\t\t\t\t\t\t<\/div>\n\t\t\t\t<\/div>\n\t\t\t\t<div class=\"elementor-element elementor-element-9e618e5 elementor-widget elementor-widget-text-editor\" data-id=\"9e618e5\" data-element_type=\"widget\" data-widget_type=\"text-editor.default\">\n\t\t\t\t<div class=\"elementor-widget-container\">\n\t\t\t\t\t\t\t\t\t<p>Exp\u00e9rience d\u2019une dur\u00e9e de une heure au coucher du soleil pour que vous puissiez profiter de l\u2019ambiance, des vues et des paysages pendant que vous glissez sur le Nil dans un voilier \u00e9gyptien typique.<\/p>\t\t\t\t\t\t\t\t<\/div>\n\t\t\t\t<\/div>\n\t\t\t\t\t<\/div>\n\t\t\t\t<\/div>\n\t\t<div class=\"elementor-element elementor-element-6c4b8d8 e-flex e-con-boxed e-con e-parent\" data-id=\"6c4b8d8\" data-element_type=\"container\">\n\t\t\t\t\t<div class=\"e-con-inner\">\n\t\t\t\t<div class=\"elementor-element elementor-element-7fec5c2 elementor-widget-divider--view-line elementor-widget elementor-widget-divider\" data-id=\"7fec5c2\" data-element_type=\"widget\" data-widget_type=\"divider.default\">\n\t\t\t\t<div class=\"elementor-widget-container\">\n\t\t\t\t\t\t\t<div class=\"elementor-divider\">\n\t\t\t<span class=\"elementor-divider-separator\">\n\t\t\t\t\t\t<\/span>\n\t\t<\/div>\n\t\t\t\t\t\t<\/div>\n\t\t\t\t<\/div>\n\t\t\t\t\t<\/div>\n\t\t\t\t<\/div>\n\t\t\t\t<\/div>","protected":false},"excerpt":{"rendered":"<ul>\n<li>Exp\u00e9rience d\u2019une dur\u00e9e de une heure au coucher du soleil pour que vous puissiez profiter de l\u2019ambiance, des vues et des paysages.<\/li>\n<\/ul>","protected":false},"featured_media":11690,"comment_status":"open","ping_status":"closed","template":"","meta":[],"product_brand":[],"product_cat":[43],"product_tag":[],"class_list":{"0":"post-11688","1":"product","2":"type-product","3":"status-publish","4":"has-post-thumbnail","6":"product_cat-tours","8":"first","9":"instock","10":"shipping-taxable","11":"purchasable","12":"product-type-ovabrw_car_rental"},"jetpack_sharing_enabled":true,"_links":{"self":[{"href":"https:\/\/neferdegypte.com\/en\/wp-json\/wp\/v2\/product\/11688","targetHints":{"allow":["GET"]}}],"collection":[{"href":"https:\/\/neferdegypte.com\/en\/wp-json\/wp\/v2\/product"}],"about":[{"href":"https:\/\/neferdegypte.com\/en\/wp-json\/wp\/v2\/types\/product"}],"replies":[{"embeddable":true,"href":"https:\/\/neferdegypte.com\/en\/wp-json\/wp\/v2\/comments?post=11688"}],"version-history":[{"count":22,"href":"https:\/\/neferdegypte.com\/en\/wp-json\/wp\/v2\/product\/11688\/revisions"}],"predecessor-version":[{"id":12443,"href":"https:\/\/neferdegypte.com\/en\/wp-json\/wp\/v2\/product\/11688\/revisions\/12443"}],"wp:featuredmedia":[{"embeddable":true,"href":"https:\/\/neferdegypte.com\/en\/wp-json\/wp\/v2\/media\/11690"}],"wp:attachment":[{"href":"https:\/\/neferdegypte.com\/en\/wp-json\/wp\/v2\/media?parent=11688"}],"wp:term":[{"taxonomy":"product_brand","embeddable":true,"href":"https:\/\/neferdegypte.com\/en\/wp-json\/wp\/v2\/product_brand?post=11688"},{"taxonomy":"product_cat","embeddable":true,"href":"https:\/\/neferdegypte.com\/en\/wp-json\/wp\/v2\/product_cat?post=11688"},{"taxonomy":"product_tag","embeddable":true,"href":"https:\/\/neferdegypte.com\/en\/wp-json\/wp\/v2\/product_tag?post=11688"}],"curies":[{"name":"wp","href":"https:\/\/api.w.org\/{rel}","templated":true}]}}