{"id":11700,"date":"2025-07-15T08:07:11","date_gmt":"2025-07-15T08:07:11","guid":{"rendered":"https:\/\/neferdegypte.com\/?post_type=product&#038;p=11700"},"modified":"2025-07-30T09:18:03","modified_gmt":"2025-07-30T09:18:03","slug":"le-musee-de-la-momification-de-louxor","status":"publish","type":"product","link":"https:\/\/neferdegypte.com\/en\/product\/le-musee-de-la-momification-de-louxor\/","title":{"rendered":"Le Mus\u00e9e de la Momification de Louxor"},"content":{"rendered":"<div data-elementor-type=\"wp-post\" data-elementor-id=\"11700\" class=\"elementor elementor-11700\">\n\t\t\t\t<div class=\"elementor-element elementor-element-3894a27c e-flex e-con-boxed e-con e-parent\" data-id=\"3894a27c\" data-element_type=\"container\">\n\t\t\t\t\t<div class=\"e-con-inner\">\n\t\t\t\t<div class=\"elementor-element elementor-element-56ad552 elementor-widget elementor-widget-heading\" data-id=\"56ad552\" data-element_type=\"widget\" data-widget_type=\"heading.default\">\n\t\t\t\t<div class=\"elementor-widget-container\">\n\t\t\t\t\t<h2 class=\"elementor-heading-title elementor-size-default\">Vue d'ensemble<\/h2>\t\t\t\t<\/div>\n\t\t\t\t<\/div>\n\t\t\t\t<div class=\"elementor-element elementor-element-7a850741 elementor-widget elementor-widget-text-editor\" data-id=\"7a850741\" data-element_type=\"widget\" data-widget_type=\"text-editor.default\">\n\t\t\t\t<div class=\"elementor-widget-container\">\n\t\t\t\t\t\t\t\t\t<p>Inaugur\u00e9 en 1997, il pr\u00e9sente les diff\u00e9rentes techniques anciennes de momification qui s\u2019appliquaient aux \u00eatres humains mais aussi \u00e0 toutes sortes d\u2019esp\u00e8ces (chats, poissons, babouins et crocodiles) et les diff\u00e9rents outils utilis\u00e9s. Vous y d\u00e9couvrirez une soixantaine de pi\u00e8ces expos\u00e9es (des vases canopes, des amulettes, le sarcophage de Padiamon, la momie de Masaharti\u2026).<\/p>\t\t\t\t\t\t\t\t<\/div>\n\t\t\t\t<\/div>\n\t\t\t\t<div class=\"elementor-element elementor-element-267449b elementor-widget elementor-widget-text-editor\" data-id=\"267449b\" data-element_type=\"widget\" data-widget_type=\"text-editor.default\">\n\t\t\t\t<div class=\"elementor-widget-container\">\n\t\t\t\t\t\t\t\t\t<p><span style=\"color: #dd2d01;\"><strong>N.B. Visite non-guid\u00e9e \u00e0 cause des r\u00e8gles relatives au Mus\u00e9e.\u00a0<\/strong><\/span><\/p>\t\t\t\t\t\t\t\t<\/div>\n\t\t\t\t<\/div>\n\t\t\t\t\t<\/div>\n\t\t\t\t<\/div>\n\t\t<div class=\"elementor-element elementor-element-6c4b8d8 e-flex e-con-boxed e-con e-parent\" data-id=\"6c4b8d8\" data-element_type=\"container\">\n\t\t\t\t\t<div class=\"e-con-inner\">\n\t\t\t\t<div class=\"elementor-element elementor-element-7fec5c2 elementor-widget-divider--view-line elementor-widget elementor-widget-divider\" data-id=\"7fec5c2\" data-element_type=\"widget\" data-widget_type=\"divider.default\">\n\t\t\t\t<div class=\"elementor-widget-container\">\n\t\t\t\t\t\t\t<div class=\"elementor-divider\">\n\t\t\t<span class=\"elementor-divider-separator\">\n\t\t\t\t\t\t<\/span>\n\t\t<\/div>\n\t\t\t\t\t\t<\/div>\n\t\t\t\t<\/div>\n\t\t\t\t\t<\/div>\n\t\t\t\t<\/div>\n\t\t\t\t<\/div>","protected":false},"excerpt":{"rendered":"<ul>\n<li>Visite guid\u00e9e de 2 heures du Mus\u00e9e de la Momification de Louxor<\/li>\n<\/ul>","protected":false},"featured_media":11736,"comment_status":"open","ping_status":"closed","template":"","meta":[],"product_brand":[],"product_cat":[43],"product_tag":[],"class_list":{"0":"post-11700","1":"product","2":"type-product","3":"status-publish","4":"has-post-thumbnail","6":"product_cat-tours","8":"first","9":"instock","10":"shipping-taxable","11":"purchasable","12":"product-type-ovabrw_car_rental"},"jetpack_sharing_enabled":true,"_links":{"self":[{"href":"https:\/\/neferdegypte.com\/en\/wp-json\/wp\/v2\/product\/11700","targetHints":{"allow":["GET"]}}],"collection":[{"href":"https:\/\/neferdegypte.com\/en\/wp-json\/wp\/v2\/product"}],"about":[{"href":"https:\/\/neferdegypte.com\/en\/wp-json\/wp\/v2\/types\/product"}],"replies":[{"embeddable":true,"href":"https:\/\/neferdegypte.com\/en\/wp-json\/wp\/v2\/comments?post=11700"}],"version-history":[{"count":32,"href":"https:\/\/neferdegypte.com\/en\/wp-json\/wp\/v2\/product\/11700\/revisions"}],"predecessor-version":[{"id":12441,"href":"https:\/\/neferdegypte.com\/en\/wp-json\/wp\/v2\/product\/11700\/revisions\/12441"}],"wp:featuredmedia":[{"embeddable":true,"href":"https:\/\/neferdegypte.com\/en\/wp-json\/wp\/v2\/media\/11736"}],"wp:attachment":[{"href":"https:\/\/neferdegypte.com\/en\/wp-json\/wp\/v2\/media?parent=11700"}],"wp:term":[{"taxonomy":"product_brand","embeddable":true,"href":"https:\/\/neferdegypte.com\/en\/wp-json\/wp\/v2\/product_brand?post=11700"},{"taxonomy":"product_cat","embeddable":true,"href":"https:\/\/neferdegypte.com\/en\/wp-json\/wp\/v2\/product_cat?post=11700"},{"taxonomy":"product_tag","embeddable":true,"href":"https:\/\/neferdegypte.com\/en\/wp-json\/wp\/v2\/product_tag?post=11700"}],"curies":[{"name":"wp","href":"https:\/\/api.w.org\/{rel}","templated":true}]}}