{"id":11743,"date":"2025-07-17T10:09:23","date_gmt":"2025-07-17T10:09:23","guid":{"rendered":"https:\/\/neferdegypte.com\/?post_type=product&#038;p=11743"},"modified":"2025-07-30T09:13:45","modified_gmt":"2025-07-30T09:13:45","slug":"le-temple-desna-temple-de-khnoum","status":"publish","type":"product","link":"https:\/\/neferdegypte.com\/en\/product\/le-temple-desna-temple-de-khnoum\/","title":{"rendered":"Le Temple d&rsquo;Esna (Temple de Khnoum)"},"content":{"rendered":"<div data-elementor-type=\"wp-post\" data-elementor-id=\"11743\" class=\"elementor elementor-11743\">\n\t\t\t\t<div class=\"elementor-element elementor-element-3894a27c e-flex e-con-boxed e-con e-parent\" data-id=\"3894a27c\" data-element_type=\"container\">\n\t\t\t\t\t<div class=\"e-con-inner\">\n\t\t\t\t<div class=\"elementor-element elementor-element-56ad552 elementor-widget elementor-widget-heading\" data-id=\"56ad552\" data-element_type=\"widget\" data-widget_type=\"heading.default\">\n\t\t\t\t<div class=\"elementor-widget-container\">\n\t\t\t\t\t<h2 class=\"elementor-heading-title elementor-size-default\">Vue d'ensemble<\/h2>\t\t\t\t<\/div>\n\t\t\t\t<\/div>\n\t\t\t\t<div class=\"elementor-element elementor-element-7a850741 elementor-widget elementor-widget-text-editor\" data-id=\"7a850741\" data-element_type=\"widget\" data-widget_type=\"text-editor.default\">\n\t\t\t\t<div class=\"elementor-widget-container\">\n\t\t\t\t\t\t\t\t\t<p>Situ\u00e9 \u00e0 54 km au sud de Louxor. D\u00e9di\u00e9 au dieu Khnoum \u00e0 t\u00eate de b\u00e9lier, dieu cr\u00e9ateur qui modela l&rsquo;humanit\u00e9 avec le limon du Nil sur son tour de potier Le temple est \u00e9galement d\u00e9di\u00e9 \u00e0 la compagne de Khnoum, la d\u00e9esse lionne Menhyt, \u00e0 la d\u00e9esse de la campagne Nebtou ainsi qu&rsquo;au dieu Heka, personnification de l&rsquo;\u00e9nergie vitale. On y trouve \u00e9galement une d\u00e9esse androgyne Neith, cr\u00e9atrice du monde, portant un arc et des fl\u00e8ches, Dans l\u2019Antiquit\u00e9, Esna s\u2019appelait Ta-senet et Latopolis pour les Grecs \u00e0 cause de la pr\u00e9sence de la perche du Nil, Lates niloticus, qui \u00e9tait v\u00e9n\u00e9r\u00e9e en ce lieu. De nos jours, le temple occupe une fosse de plus de 9 m de profondeur, Le pronaos, est la seule partie du temple qui subsiste aujourd&rsquo;hui; elle date des empereurs romains Claude Ier (41-54) et Vespasien (69-79).<\/p>\t\t\t\t\t\t\t\t<\/div>\n\t\t\t\t<\/div>\n\t\t\t\t<div class=\"elementor-element elementor-element-be13eec elementor-widget elementor-widget-text-editor\" data-id=\"be13eec\" data-element_type=\"widget\" data-widget_type=\"text-editor.default\">\n\t\t\t\t<div class=\"elementor-widget-container\">\n\t\t\t\t\t\t\t\t\t<p>Le plafond du temple d\u2019Esna est le c\u00e9l\u00e8bre pour ses peintures et repr\u00e9sentations astronomiques, notamment une repr\u00e9sentation d\u2019une s\u00e9rie compl\u00e8te de signes du zodiaqu. Les peintures sur le plafond sont divis\u00e9es en sept sections, chacune avec un th\u00e8me diff\u00e9rent, y compris la course du soleil, les phases de la lune, les diff\u00e9rentes heures de la nuit, etc. Certaines peintures repr\u00e9sentent jouent un r\u00f4le important dans la section la plus r\u00e9cemment d\u00e9couvert, apr\u00e8s sept phase d\u2019une op\u00e9ration de la restauration a commenc\u00e9 en 2018, et pendant cinq ann\u00e9es, une \u00e9quipe de trente personnes a collabor\u00e9 sur ce projet conjoint du Minist\u00e8re \u00e9gyptien du Tourisme et des Antiquit\u00e9s et de l\u2019Universit\u00e9 de T\u00fcbingen, en Allemagne.<\/p>\t\t\t\t\t\t\t\t<\/div>\n\t\t\t\t<\/div>\n\t\t\t\t\t<\/div>\n\t\t\t\t<\/div>\n\t\t<div class=\"elementor-element elementor-element-6c4b8d8 e-flex e-con-boxed e-con e-parent\" data-id=\"6c4b8d8\" data-element_type=\"container\">\n\t\t\t\t\t<div class=\"e-con-inner\">\n\t\t\t\t<div class=\"elementor-element elementor-element-7fec5c2 elementor-widget-divider--view-line elementor-widget elementor-widget-divider\" data-id=\"7fec5c2\" data-element_type=\"widget\" data-widget_type=\"divider.default\">\n\t\t\t\t<div class=\"elementor-widget-container\">\n\t\t\t\t\t\t\t<div class=\"elementor-divider\">\n\t\t\t<span class=\"elementor-divider-separator\">\n\t\t\t\t\t\t<\/span>\n\t\t<\/div>\n\t\t\t\t\t\t<\/div>\n\t\t\t\t<\/div>\n\t\t\t\t\t<\/div>\n\t\t\t\t<\/div>\n\t\t\t\t<\/div>","protected":false},"excerpt":{"rendered":"<ul>\n<li>Visite guid\u00e9e de 4 heures du Temple d\u2019Esna (Temple de Khnoum)<\/li>\n<\/ul>","protected":false},"featured_media":11754,"comment_status":"open","ping_status":"closed","template":"","meta":[],"product_brand":[],"product_cat":[43],"product_tag":[],"class_list":{"0":"post-11743","1":"product","2":"type-product","3":"status-publish","4":"has-post-thumbnail","6":"product_cat-tours","8":"first","9":"instock","10":"shipping-taxable","11":"purchasable","12":"product-type-ovabrw_car_rental"},"jetpack_sharing_enabled":true,"_links":{"self":[{"href":"https:\/\/neferdegypte.com\/en\/wp-json\/wp\/v2\/product\/11743","targetHints":{"allow":["GET"]}}],"collection":[{"href":"https:\/\/neferdegypte.com\/en\/wp-json\/wp\/v2\/product"}],"about":[{"href":"https:\/\/neferdegypte.com\/en\/wp-json\/wp\/v2\/types\/product"}],"replies":[{"embeddable":true,"href":"https:\/\/neferdegypte.com\/en\/wp-json\/wp\/v2\/comments?post=11743"}],"version-history":[{"count":24,"href":"https:\/\/neferdegypte.com\/en\/wp-json\/wp\/v2\/product\/11743\/revisions"}],"predecessor-version":[{"id":12439,"href":"https:\/\/neferdegypte.com\/en\/wp-json\/wp\/v2\/product\/11743\/revisions\/12439"}],"wp:featuredmedia":[{"embeddable":true,"href":"https:\/\/neferdegypte.com\/en\/wp-json\/wp\/v2\/media\/11754"}],"wp:attachment":[{"href":"https:\/\/neferdegypte.com\/en\/wp-json\/wp\/v2\/media?parent=11743"}],"wp:term":[{"taxonomy":"product_brand","embeddable":true,"href":"https:\/\/neferdegypte.com\/en\/wp-json\/wp\/v2\/product_brand?post=11743"},{"taxonomy":"product_cat","embeddable":true,"href":"https:\/\/neferdegypte.com\/en\/wp-json\/wp\/v2\/product_cat?post=11743"},{"taxonomy":"product_tag","embeddable":true,"href":"https:\/\/neferdegypte.com\/en\/wp-json\/wp\/v2\/product_tag?post=11743"}],"curies":[{"name":"wp","href":"https:\/\/api.w.org\/{rel}","templated":true}]}}