{"id":11761,"date":"2025-07-19T10:41:09","date_gmt":"2025-07-19T10:41:09","guid":{"rendered":"https:\/\/neferdegypte.com\/?post_type=product&#038;p=11761"},"modified":"2025-07-30T09:12:29","modified_gmt":"2025-07-30T09:12:29","slug":"le-temple-de-denderah-temple-dhathor","status":"publish","type":"product","link":"https:\/\/neferdegypte.com\/en\/product\/le-temple-de-denderah-temple-dhathor\/","title":{"rendered":"Le Temple de Dend\u00e9rah (Temple d\u2019Hathor)"},"content":{"rendered":"<div data-elementor-type=\"wp-post\" data-elementor-id=\"11761\" class=\"elementor elementor-11761\">\n\t\t\t\t<div class=\"elementor-element elementor-element-3894a27c e-flex e-con-boxed e-con e-parent\" data-id=\"3894a27c\" data-element_type=\"container\">\n\t\t\t\t\t<div class=\"e-con-inner\">\n\t\t\t\t<div class=\"elementor-element elementor-element-56ad552 elementor-widget elementor-widget-heading\" data-id=\"56ad552\" data-element_type=\"widget\" data-widget_type=\"heading.default\">\n\t\t\t\t<div class=\"elementor-widget-container\">\n\t\t\t\t\t<h2 class=\"elementor-heading-title elementor-size-default\">Vue d'ensemble<\/h2>\t\t\t\t<\/div>\n\t\t\t\t<\/div>\n\t\t\t\t<div class=\"elementor-element elementor-element-7a850741 elementor-widget elementor-widget-text-editor\" data-id=\"7a850741\" data-element_type=\"widget\" data-widget_type=\"text-editor.default\">\n\t\t\t\t<div class=\"elementor-widget-container\">\n\t\t\t\t\t\t\t\t\t<p>Situ\u00e9 \u00e0 environ 70 km au nord de Louxor, Le temple, situ\u00e9 sur la rive gauche du Nil, \u00e0 quatre kilom\u00e8tres en face de la ville de Qena. La construction du temple de Dend\u00e9rah fut commenc\u00e9e \u00e0 l&rsquo;\u00c9poque ptol\u00e9ma\u00efque et romaine, au d\u00e9but de notre \u00e8re. Le temple est consacr\u00e9 \u00e0 Hathor, fille de R\u00ea, ma\u00eetresse des lieux, d\u00e9esse de l&rsquo;amour, du d\u00e9sir et de la joie, ainsi que de la musique. Le plafond de la salle hypostyle, divis\u00e9 en sept trav\u00e9es par des architraves, supporte des repr\u00e9sentations astronomiques : le trajet diurne du soleil, le trajet nocturne de la lune, les d\u00e9cans, les douze heures du jour et de la nuit. Le long des murs, le corps de la d\u00e9esse du ciel Nout s&rsquo;\u00e9tire d\u00e9mesur\u00e9ment car elle avale le soleil au cr\u00e9puscule et le met au monde \u00e0 l&rsquo;aurore. L&rsquo;astronomie \u00e9tait li\u00e9e au culte d&rsquo;Hathor, les pr\u00eatres suivaient avec attention le gouvernent des \u00e9toiles de fa\u00e7on \u00e0 \u00e9tablir un calendrier pr\u00e9cis des f\u00eates religieuses.<\/p>\t\t\t\t\t\t\t\t<\/div>\n\t\t\t\t<\/div>\n\t\t\t\t<div class=\"elementor-element elementor-element-3f8fd71 elementor-widget elementor-widget-text-editor\" data-id=\"3f8fd71\" data-element_type=\"widget\" data-widget_type=\"text-editor.default\">\n\t\t\t\t<div class=\"elementor-widget-container\">\n\t\t\t\t\t\t\t\t\t<p>C&rsquo;est dans l&rsquo;une des chapelles sur 2eme \u00e9tage fut trouv\u00e9 le c\u00e9l\u00e8bre Zodiaque de Dend\u00e9rah, en gr\u00e8s, ramen\u00e9 au mus\u00e9e du Louvre dans des conditions rocambolesques. Il fut achemin\u00e9 vers Marseille en 1821, puis \u00e0 Paris, o\u00f9 il fut vendu au minist\u00e8re de l&rsquo;int\u00e9rieur et \u00e0 la Maison du Roi. On le pla\u00e7a au cabinet des Antiques de la Biblioth\u00e8que du Roi ; il entra au Louvre en 1918. Sur le site de Dend\u00e9rah, il est remplac\u00e9 par un moulage.<\/p>\t\t\t\t\t\t\t\t<\/div>\n\t\t\t\t<\/div>\n\t\t\t\t<div class=\"elementor-element elementor-element-5c9075d elementor-widget elementor-widget-text-editor\" data-id=\"5c9075d\" data-element_type=\"widget\" data-widget_type=\"text-editor.default\">\n\t\t\t\t<div class=\"elementor-widget-container\">\n\t\t\t\t\t\t\t\t\t<p>Le temple ptol\u00e9ma\u00efque de Dend\u00e9rah est l\u2019un des monuments \u00e9gyptiens les mieux pr\u00e9serv\u00e9s et m\u00e9rite largement une visite.<\/p>\t\t\t\t\t\t\t\t<\/div>\n\t\t\t\t<\/div>\n\t\t\t\t\t<\/div>\n\t\t\t\t<\/div>\n\t\t<div class=\"elementor-element elementor-element-6c4b8d8 e-flex e-con-boxed e-con e-parent\" data-id=\"6c4b8d8\" data-element_type=\"container\">\n\t\t\t\t\t<div class=\"e-con-inner\">\n\t\t\t\t<div class=\"elementor-element elementor-element-7fec5c2 elementor-widget-divider--view-line elementor-widget elementor-widget-divider\" data-id=\"7fec5c2\" data-element_type=\"widget\" data-widget_type=\"divider.default\">\n\t\t\t\t<div class=\"elementor-widget-container\">\n\t\t\t\t\t\t\t<div class=\"elementor-divider\">\n\t\t\t<span class=\"elementor-divider-separator\">\n\t\t\t\t\t\t<\/span>\n\t\t<\/div>\n\t\t\t\t\t\t<\/div>\n\t\t\t\t<\/div>\n\t\t\t\t\t<\/div>\n\t\t\t\t<\/div>\n\t\t\t\t<\/div>","protected":false},"excerpt":{"rendered":"<ul>\n<li>Le temple ptol\u00e9ma\u00efque de Dend\u00e9rah est l\u2019un des monuments \u00e9gyptiens les mieux pr\u00e9serv\u00e9s et m\u00e9rite largement une visite.<\/li>\n<\/ul>","protected":false},"featured_media":11774,"comment_status":"open","ping_status":"closed","template":"","meta":[],"product_brand":[],"product_cat":[43],"product_tag":[],"class_list":{"0":"post-11761","1":"product","2":"type-product","3":"status-publish","4":"has-post-thumbnail","6":"product_cat-tours","8":"first","9":"instock","10":"shipping-taxable","11":"purchasable","12":"product-type-ovabrw_car_rental"},"jetpack_sharing_enabled":true,"_links":{"self":[{"href":"https:\/\/neferdegypte.com\/en\/wp-json\/wp\/v2\/product\/11761","targetHints":{"allow":["GET"]}}],"collection":[{"href":"https:\/\/neferdegypte.com\/en\/wp-json\/wp\/v2\/product"}],"about":[{"href":"https:\/\/neferdegypte.com\/en\/wp-json\/wp\/v2\/types\/product"}],"replies":[{"embeddable":true,"href":"https:\/\/neferdegypte.com\/en\/wp-json\/wp\/v2\/comments?post=11761"}],"version-history":[{"count":20,"href":"https:\/\/neferdegypte.com\/en\/wp-json\/wp\/v2\/product\/11761\/revisions"}],"predecessor-version":[{"id":12385,"href":"https:\/\/neferdegypte.com\/en\/wp-json\/wp\/v2\/product\/11761\/revisions\/12385"}],"wp:featuredmedia":[{"embeddable":true,"href":"https:\/\/neferdegypte.com\/en\/wp-json\/wp\/v2\/media\/11774"}],"wp:attachment":[{"href":"https:\/\/neferdegypte.com\/en\/wp-json\/wp\/v2\/media?parent=11761"}],"wp:term":[{"taxonomy":"product_brand","embeddable":true,"href":"https:\/\/neferdegypte.com\/en\/wp-json\/wp\/v2\/product_brand?post=11761"},{"taxonomy":"product_cat","embeddable":true,"href":"https:\/\/neferdegypte.com\/en\/wp-json\/wp\/v2\/product_cat?post=11761"},{"taxonomy":"product_tag","embeddable":true,"href":"https:\/\/neferdegypte.com\/en\/wp-json\/wp\/v2\/product_tag?post=11761"}],"curies":[{"name":"wp","href":"https:\/\/api.w.org\/{rel}","templated":true}]}}