{"id":11785,"date":"2025-07-18T11:08:34","date_gmt":"2025-07-18T11:08:34","guid":{"rendered":"https:\/\/neferdegypte.com\/?post_type=product&#038;p=11785"},"modified":"2025-07-30T09:13:21","modified_gmt":"2025-07-30T09:13:21","slug":"le-temple-dabydos-temple-dosiris","status":"publish","type":"product","link":"https:\/\/neferdegypte.com\/en\/product\/le-temple-dabydos-temple-dosiris\/","title":{"rendered":"Le Temple d&rsquo;Abydos (Temple d\u2019Osiris)"},"content":{"rendered":"<div data-elementor-type=\"wp-post\" data-elementor-id=\"11785\" class=\"elementor elementor-11785\">\n\t\t\t\t<div class=\"elementor-element elementor-element-3894a27c e-flex e-con-boxed e-con e-parent\" data-id=\"3894a27c\" data-element_type=\"container\">\n\t\t\t\t\t<div class=\"e-con-inner\">\n\t\t\t\t<div class=\"elementor-element elementor-element-56ad552 elementor-widget elementor-widget-heading\" data-id=\"56ad552\" data-element_type=\"widget\" data-widget_type=\"heading.default\">\n\t\t\t\t<div class=\"elementor-widget-container\">\n\t\t\t\t\t<h2 class=\"elementor-heading-title elementor-size-default\">Vue d'ensemble<\/h2>\t\t\t\t<\/div>\n\t\t\t\t<\/div>\n\t\t\t\t<div class=\"elementor-element elementor-element-7a850741 elementor-widget elementor-widget-text-editor\" data-id=\"7a850741\" data-element_type=\"widget\" data-widget_type=\"text-editor.default\">\n\t\t\t\t<div class=\"elementor-widget-container\">\n\t\t\t\t\t\t\t\t\t<p>Le site d Abydos est l&rsquo;un des plus Int\u00e9ressants d\u2019Egypte \u00e0 cause de ses traditions religieuses et historiques. Il est situ\u00e9 sur la rive occidentale du Nil, sur la bordure est du d\u00e9sert, \u00e0 \u00a0180 km de Louxor. Ce site \u00e9tait aussi consid\u00e9r\u00e9 comme celui du tombeau d\u2019Osiris, dieu des morts et de la r\u00e9surrection. Pour cette raison la ville d&rsquo;Abydos joua un grand r\u00f4le politique et religieux. Elle \u00e9tait consid\u00e9r\u00e9e comme un lieu de p\u00e8lerinage. Les p\u00e8lerins venaient nombreux faire des offrandes, \u00e9riger des st\u00e8les, des statues et ceux en avaient les moyens se faisaient construire une tombe ou un c\u00e9notaphe. mais il n&rsquo;en reste que les \u00e9difices de l&rsquo;\u00c9poque ramesside (vers 1250 av. J.-C.). celui de S\u00e9thi 1er et de Rams\u00e8s II. Le temple de S\u00e9thi 1er poss\u00e8de de nombreux reliefs, en bon \u00e9tat de conservation, ce temple fut achev\u00e9 par son fils, Rams\u00e8s II, Son d\u00e9cor \u00e9l\u00e9gant, exceptionnellement bien pr\u00e9serv\u00e9, en fait l\u2019un des chefs-d\u2019\u0153uvre de l\u2019architecture et de l\u2019art \u00e9gyptiens. A l&rsquo;extr\u00e9mit\u00e9 de la seconde salle hypostyle se trouve une longue galerie qui monte l\u00e9g\u00e8rement. Sur son mur droit se trouve <u>la fameuse liste des rois d\u2019Abydos\u00a0<\/u>; une s\u00e9rie de soixante-seize cartouches royales qui commencent avec le nom du roi M\u00e9n\u00e8s, fondateur de l\u2019I\u00e8re Dynastie, et qui se terminent avec S\u00e9thi. Les noms de certains monarques ont \u00e9t\u00e9 intentionnellement omis, peut-\u00eatre parce que S\u00e9thi ne les consid\u00e9rait pas comme l\u00e9gitimes. Parmi ceux-ci il y a la reine Hatchepsout, Akhnaton, Semenkhkar\u00ea, Tout-Ankh-Amon et A\u00ef.<\/p>\t\t\t\t\t\t\t\t<\/div>\n\t\t\t\t<\/div>\n\t\t\t\t<div class=\"elementor-element elementor-element-aff215f elementor-widget elementor-widget-text-editor\" data-id=\"aff215f\" data-element_type=\"widget\" data-widget_type=\"text-editor.default\">\n\t\t\t\t<div class=\"elementor-widget-container\">\n\t\t\t\t\t\t\t\t\t<p>Derri\u00e8re le temple, \u00e0 seulement quatre m\u00e8tres des sept sanctuaires et des chambres d&rsquo;Osiris, se trouve l&rsquo;Osir\u00e9ion. Il a \u00e9t\u00e9 d\u00e9couvert par M.A. Murray, en 1903, puis partiellement d\u00e9gag\u00e9 par La Soci\u00e9t\u00e9 Egyptiennes des Fouilles, en 1911-14 et en 1925-26. Ce b\u00e2timent est Consid\u00e9r\u00e9 comme \u00ab tombeau Symbolique\u00bb d&rsquo;Osiris.<\/p>\t\t\t\t\t\t\t\t<\/div>\n\t\t\t\t<\/div>\n\t\t\t\t\t<\/div>\n\t\t\t\t<\/div>\n\t\t<div class=\"elementor-element elementor-element-6c4b8d8 e-flex e-con-boxed e-con e-parent\" data-id=\"6c4b8d8\" data-element_type=\"container\">\n\t\t\t\t\t<div class=\"e-con-inner\">\n\t\t\t\t<div class=\"elementor-element elementor-element-7fec5c2 elementor-widget-divider--view-line elementor-widget elementor-widget-divider\" data-id=\"7fec5c2\" data-element_type=\"widget\" data-widget_type=\"divider.default\">\n\t\t\t\t<div class=\"elementor-widget-container\">\n\t\t\t\t\t\t\t<div class=\"elementor-divider\">\n\t\t\t<span class=\"elementor-divider-separator\">\n\t\t\t\t\t\t<\/span>\n\t\t<\/div>\n\t\t\t\t\t\t<\/div>\n\t\t\t\t<\/div>\n\t\t\t\t\t<\/div>\n\t\t\t\t<\/div>\n\t\t\t\t<\/div>","protected":false},"excerpt":{"rendered":"<ul>\n<li>Visite guid\u00e9e de 7 heures du Temple d\u2019Abydos (Temple d\u2019Osiris)<\/li>\n<\/ul>","protected":false},"featured_media":11792,"comment_status":"open","ping_status":"closed","template":"","meta":[],"product_brand":[],"product_cat":[43],"product_tag":[],"class_list":{"0":"post-11785","1":"product","2":"type-product","3":"status-publish","4":"has-post-thumbnail","6":"product_cat-tours","8":"first","9":"instock","10":"shipping-taxable","11":"purchasable","12":"product-type-ovabrw_car_rental"},"jetpack_sharing_enabled":true,"_links":{"self":[{"href":"https:\/\/neferdegypte.com\/en\/wp-json\/wp\/v2\/product\/11785","targetHints":{"allow":["GET"]}}],"collection":[{"href":"https:\/\/neferdegypte.com\/en\/wp-json\/wp\/v2\/product"}],"about":[{"href":"https:\/\/neferdegypte.com\/en\/wp-json\/wp\/v2\/types\/product"}],"replies":[{"embeddable":true,"href":"https:\/\/neferdegypte.com\/en\/wp-json\/wp\/v2\/comments?post=11785"}],"version-history":[{"count":14,"href":"https:\/\/neferdegypte.com\/en\/wp-json\/wp\/v2\/product\/11785\/revisions"}],"predecessor-version":[{"id":12438,"href":"https:\/\/neferdegypte.com\/en\/wp-json\/wp\/v2\/product\/11785\/revisions\/12438"}],"wp:featuredmedia":[{"embeddable":true,"href":"https:\/\/neferdegypte.com\/en\/wp-json\/wp\/v2\/media\/11792"}],"wp:attachment":[{"href":"https:\/\/neferdegypte.com\/en\/wp-json\/wp\/v2\/media?parent=11785"}],"wp:term":[{"taxonomy":"product_brand","embeddable":true,"href":"https:\/\/neferdegypte.com\/en\/wp-json\/wp\/v2\/product_brand?post=11785"},{"taxonomy":"product_cat","embeddable":true,"href":"https:\/\/neferdegypte.com\/en\/wp-json\/wp\/v2\/product_cat?post=11785"},{"taxonomy":"product_tag","embeddable":true,"href":"https:\/\/neferdegypte.com\/en\/wp-json\/wp\/v2\/product_tag?post=11785"}],"curies":[{"name":"wp","href":"https:\/\/api.w.org\/{rel}","templated":true}]}}