{"id":11801,"date":"2025-07-10T12:18:46","date_gmt":"2025-07-10T12:18:46","guid":{"rendered":"https:\/\/neferdegypte.com\/?post_type=product&#038;p=11801"},"modified":"2025-07-30T09:20:49","modified_gmt":"2025-07-30T09:20:49","slug":"les-temples-de-karnak","status":"publish","type":"product","link":"https:\/\/neferdegypte.com\/en\/product\/les-temples-de-karnak\/","title":{"rendered":"Les Temples de Karnak"},"content":{"rendered":"<div data-elementor-type=\"wp-post\" data-elementor-id=\"11801\" class=\"elementor elementor-11801\">\n\t\t\t\t<div class=\"elementor-element elementor-element-3894a27c e-flex e-con-boxed e-con e-parent\" data-id=\"3894a27c\" data-element_type=\"container\">\n\t\t\t\t\t<div class=\"e-con-inner\">\n\t\t\t\t<div class=\"elementor-element elementor-element-56ad552 elementor-widget elementor-widget-heading\" data-id=\"56ad552\" data-element_type=\"widget\" data-widget_type=\"heading.default\">\n\t\t\t\t<div class=\"elementor-widget-container\">\n\t\t\t\t\t<h2 class=\"elementor-heading-title elementor-size-default\">Vue d'ensemble<\/h2>\t\t\t\t<\/div>\n\t\t\t\t<\/div>\n\t\t\t\t<div class=\"elementor-element elementor-element-7a850741 elementor-widget elementor-widget-text-editor\" data-id=\"7a850741\" data-element_type=\"widget\" data-widget_type=\"text-editor.default\">\n\t\t\t\t<div class=\"elementor-widget-container\">\n\t\t\t\t\t\t\t\t\t<p><span style=\"color: #dd2d01;\"><strong>Karnak:<\/strong><\/span> construit par les pharaons de la XIIIe dynastie, il fut tellement \u00e9largi et embelli par les diff\u00e9rentes dynasties suivantes qu\u2019il comprend une multitude de monuments de styles divers. A l\u2019\u00e9poque de sa splendeur, le temple \u00e9tait uniquement r\u00e9serv\u00e9 au clerg\u00e9. Le simple peuple ne voyait du temple que le haut mur d\u2019enceinte. Le temple de Karnak est \u00e9galement connu pour son immense salle hypostyle avec ses 134 monumentales. Les dimensions de cette salle pourraient contenir la cath\u00e9drale Notre-Dame de Paris en entier.<\/p>\t\t\t\t\t\t\t\t<\/div>\n\t\t\t\t<\/div>\n\t\t\t\t\t<\/div>\n\t\t\t\t<\/div>\n\t\t<div class=\"elementor-element elementor-element-e85c594 e-flex e-con-boxed e-con e-parent\" data-id=\"e85c594\" data-element_type=\"container\">\n\t\t\t\t\t<div class=\"e-con-inner\">\n\t\t\t\t<div class=\"elementor-element elementor-element-96db181 elementor-widget elementor-widget-heading\" data-id=\"96db181\" data-element_type=\"widget\" data-widget_type=\"heading.default\">\n\t\t\t\t<div class=\"elementor-widget-container\">\n\t\t\t\t\t<h4 class=\"elementor-heading-title elementor-size-default\">Visite exceptionnelle pour:<\/h4>\t\t\t\t<\/div>\n\t\t\t\t<\/div>\n\t\t\t\t<div class=\"elementor-element elementor-element-b80da98 elementor-widget elementor-widget-text-editor\" data-id=\"b80da98\" data-element_type=\"widget\" data-widget_type=\"text-editor.default\">\n\t\t\t\t<div class=\"elementor-widget-container\">\n\t\t\t\t\t\t\t\t\t<ul><li>Temple principal d\u2019Amun Ra<\/li><li>Le mus\u00e9e \u00e0 ciel ouvert avec ses chapelles (blanche-rouge)<\/li><li>Jardin zoologique de Thoutmosis III<\/li><li>Les Ob\u00e9lisques de la Reine Pharaon Hatchepsout<\/li><li>Le Lac Sacr\u00e9 avec son fameux Scarab\u00e9<\/li><li>Possibilit\u00e9 de visiter le temple le soir (spectacle Son et Lumi\u00e8re) (prix 55\u20ac par personne)<\/li><\/ul>\t\t\t\t\t\t\t\t<\/div>\n\t\t\t\t<\/div>\n\t\t\t\t\t<\/div>\n\t\t\t\t<\/div>\n\t\t<div class=\"elementor-element elementor-element-6c4b8d8 e-flex e-con-boxed e-con e-parent\" data-id=\"6c4b8d8\" data-element_type=\"container\">\n\t\t\t\t\t<div class=\"e-con-inner\">\n\t\t\t\t<div class=\"elementor-element elementor-element-7fec5c2 elementor-widget-divider--view-line elementor-widget elementor-widget-divider\" data-id=\"7fec5c2\" data-element_type=\"widget\" data-widget_type=\"divider.default\">\n\t\t\t\t<div class=\"elementor-widget-container\">\n\t\t\t\t\t\t\t<div class=\"elementor-divider\">\n\t\t\t<span class=\"elementor-divider-separator\">\n\t\t\t\t\t\t<\/span>\n\t\t<\/div>\n\t\t\t\t\t\t<\/div>\n\t\t\t\t<\/div>\n\t\t\t\t\t<\/div>\n\t\t\t\t<\/div>\n\t\t\t\t<\/div>","protected":false},"excerpt":{"rendered":"<ul>\n<li><span class=\"HwtZe\" lang=\"fr\"><span class=\"jCAhz ChMk0b\"><span class=\"ryNqvb\">2 Heures de visite guid\u00e9e aux temples de Karnak<\/span><\/span><\/span><\/li>\n<\/ul>","protected":false},"featured_media":11811,"comment_status":"open","ping_status":"closed","template":"","meta":[],"product_brand":[],"product_cat":[43],"product_tag":[],"class_list":{"0":"post-11801","1":"product","2":"type-product","3":"status-publish","4":"has-post-thumbnail","6":"product_cat-tours","8":"first","9":"instock","10":"shipping-taxable","11":"purchasable","12":"product-type-ovabrw_car_rental"},"jetpack_sharing_enabled":true,"_links":{"self":[{"href":"https:\/\/neferdegypte.com\/en\/wp-json\/wp\/v2\/product\/11801","targetHints":{"allow":["GET"]}}],"collection":[{"href":"https:\/\/neferdegypte.com\/en\/wp-json\/wp\/v2\/product"}],"about":[{"href":"https:\/\/neferdegypte.com\/en\/wp-json\/wp\/v2\/types\/product"}],"replies":[{"embeddable":true,"href":"https:\/\/neferdegypte.com\/en\/wp-json\/wp\/v2\/comments?post=11801"}],"version-history":[{"count":21,"href":"https:\/\/neferdegypte.com\/en\/wp-json\/wp\/v2\/product\/11801\/revisions"}],"predecessor-version":[{"id":12445,"href":"https:\/\/neferdegypte.com\/en\/wp-json\/wp\/v2\/product\/11801\/revisions\/12445"}],"wp:featuredmedia":[{"embeddable":true,"href":"https:\/\/neferdegypte.com\/en\/wp-json\/wp\/v2\/media\/11811"}],"wp:attachment":[{"href":"https:\/\/neferdegypte.com\/en\/wp-json\/wp\/v2\/media?parent=11801"}],"wp:term":[{"taxonomy":"product_brand","embeddable":true,"href":"https:\/\/neferdegypte.com\/en\/wp-json\/wp\/v2\/product_brand?post=11801"},{"taxonomy":"product_cat","embeddable":true,"href":"https:\/\/neferdegypte.com\/en\/wp-json\/wp\/v2\/product_cat?post=11801"},{"taxonomy":"product_tag","embeddable":true,"href":"https:\/\/neferdegypte.com\/en\/wp-json\/wp\/v2\/product_tag?post=11801"}],"curies":[{"name":"wp","href":"https:\/\/api.w.org\/{rel}","templated":true}]}}