{"id":11802,"date":"2025-07-09T12:18:48","date_gmt":"2025-07-09T12:18:48","guid":{"rendered":"https:\/\/neferdegypte.com\/?post_type=product&#038;p=11802"},"modified":"2025-09-18T20:28:47","modified_gmt":"2025-09-18T20:28:47","slug":"le-temple-de-louxor","status":"publish","type":"product","link":"https:\/\/neferdegypte.com\/en\/product\/le-temple-de-louxor\/","title":{"rendered":"Le Temple de Louxor"},"content":{"rendered":"<div data-elementor-type=\"wp-post\" data-elementor-id=\"11802\" class=\"elementor elementor-11802\">\n\t\t\t\t<div class=\"elementor-element elementor-element-3894a27c e-flex e-con-boxed e-con e-parent\" data-id=\"3894a27c\" data-element_type=\"container\">\n\t\t\t\t\t<div class=\"e-con-inner\">\n\t\t\t\t<div class=\"elementor-element elementor-element-56ad552 elementor-widget elementor-widget-heading\" data-id=\"56ad552\" data-element_type=\"widget\" data-widget_type=\"heading.default\">\n\t\t\t\t<div class=\"elementor-widget-container\">\n\t\t\t\t\t<h2 class=\"elementor-heading-title elementor-size-default\">Vue d'ensemble<\/h2>\t\t\t\t<\/div>\n\t\t\t\t<\/div>\n\t\t\t\t\t<\/div>\n\t\t\t\t<\/div>\n\t\t<div class=\"elementor-element elementor-element-a9c0f66 e-flex e-con-boxed e-con e-parent\" data-id=\"a9c0f66\" data-element_type=\"container\">\n\t\t\t\t\t<div class=\"e-con-inner\">\n\t\t\t\t<div class=\"elementor-element elementor-element-7666ed0 elementor-widget elementor-widget-text-editor\" data-id=\"7666ed0\" data-element_type=\"widget\" data-widget_type=\"text-editor.default\">\n\t\t\t\t<div class=\"elementor-widget-container\">\n\t\t\t\t\t\t\t\t\t<p><span style=\"color: #dd2d01;\"><strong>Louxor:<\/strong><\/span> situ\u00e9 au centre-ville, ce temple est d\u00e9di\u00e9 au dieu Amon, \u00e0 son \u00e9pouse Mout. Le d\u00e9but de sa construction se fit sous la XIIIe dynastie et s\u2019agrandit sous les r\u00e8gnes d\u2019Am\u00e9nophis III et Rams\u00e8s II. Le temple de Louxor \u00e9tait \u00e0 l\u2019origine reli\u00e9 par une all\u00e9e de sphinx au temple de Karnak distant de 3 km, qui servait une fois l\u2019an pour la f\u00eate de l\u2019inondation (Opet). Ce n\u2019est qu\u2019\u00e0 la fin du XIXe si\u00e8cle que le temple fut d\u00e9gag\u00e9 de ses d\u00e9combres. Afin de remercier la France, Mohamed Ali offrit l\u2019ob\u00e9lisque se trouvant sur la place de la Concorde \u00e0 Paris.<\/p>\t\t\t\t\t\t\t\t<\/div>\n\t\t\t\t<\/div>\n\t\t\t\t\t<\/div>\n\t\t\t\t<\/div>\n\t\t<div class=\"elementor-element elementor-element-9efda91 e-flex e-con-boxed e-con e-parent\" data-id=\"9efda91\" data-element_type=\"container\">\n\t\t\t\t\t<div class=\"e-con-inner\">\n\t\t\t\t<div class=\"elementor-element elementor-element-502235e elementor-widget elementor-widget-heading\" data-id=\"502235e\" data-element_type=\"widget\" data-widget_type=\"heading.default\">\n\t\t\t\t<div class=\"elementor-widget-container\">\n\t\t\t\t\t<h4 class=\"elementor-heading-title elementor-size-default\">Visite exceptionnelle pour:<\/h4>\t\t\t\t<\/div>\n\t\t\t\t<\/div>\n\t\t\t\t<div class=\"elementor-element elementor-element-286de3b elementor-widget elementor-widget-text-editor\" data-id=\"286de3b\" data-element_type=\"widget\" data-widget_type=\"text-editor.default\">\n\t\t\t\t<div class=\"elementor-widget-container\">\n\t\t\t\t\t\t\t\t\t<ul><li>Visite exceptionnelle pour voir:<\/li><li>L\u2019all\u00e9e de sphinx<\/li><li>La Sc\u00e8ne exceptionnelle de l\u2019inauguration du temple<\/li><li>Les Sc\u00e8nes de la f\u00eate d\u2019Opet.<\/li><li>Chapelle de la naissance divine d\u2019Am\u00e9nophis III (Mammisi)<\/li><li>Chapelle d\u2019Alexander le Grand<\/li><li>Possibilit\u00e9 de visiter le temple au coucher du Soleil (sans frais suppl\u00e9mentaire<\/li><\/ul>\t\t\t\t\t\t\t\t<\/div>\n\t\t\t\t<\/div>\n\t\t\t\t\t<\/div>\n\t\t\t\t<\/div>\n\t\t<div class=\"elementor-element elementor-element-6c4b8d8 e-flex e-con-boxed e-con e-parent\" data-id=\"6c4b8d8\" data-element_type=\"container\">\n\t\t\t\t\t<div class=\"e-con-inner\">\n\t\t\t\t<div class=\"elementor-element elementor-element-7fec5c2 elementor-widget-divider--view-line elementor-widget elementor-widget-divider\" data-id=\"7fec5c2\" data-element_type=\"widget\" data-widget_type=\"divider.default\">\n\t\t\t\t<div class=\"elementor-widget-container\">\n\t\t\t\t\t\t\t<div class=\"elementor-divider\">\n\t\t\t<span class=\"elementor-divider-separator\">\n\t\t\t\t\t\t<\/span>\n\t\t<\/div>\n\t\t\t\t\t\t<\/div>\n\t\t\t\t<\/div>\n\t\t\t\t\t<\/div>\n\t\t\t\t<\/div>\n\t\t\t\t<\/div>","protected":false},"excerpt":{"rendered":"<ul>\n<li>Visite guid\u00e9e du temple de Louxor<\/li>\n<\/ul>","protected":false},"featured_media":11060,"comment_status":"open","ping_status":"closed","template":"","meta":[],"product_brand":[],"product_cat":[43],"product_tag":[],"class_list":{"0":"post-11802","1":"product","2":"type-product","3":"status-publish","4":"has-post-thumbnail","6":"product_cat-tours","8":"first","9":"instock","10":"shipping-taxable","11":"purchasable","12":"product-type-ovabrw_car_rental"},"jetpack_sharing_enabled":true,"_links":{"self":[{"href":"https:\/\/neferdegypte.com\/en\/wp-json\/wp\/v2\/product\/11802","targetHints":{"allow":["GET"]}}],"collection":[{"href":"https:\/\/neferdegypte.com\/en\/wp-json\/wp\/v2\/product"}],"about":[{"href":"https:\/\/neferdegypte.com\/en\/wp-json\/wp\/v2\/types\/product"}],"replies":[{"embeddable":true,"href":"https:\/\/neferdegypte.com\/en\/wp-json\/wp\/v2\/comments?post=11802"}],"version-history":[{"count":13,"href":"https:\/\/neferdegypte.com\/en\/wp-json\/wp\/v2\/product\/11802\/revisions"}],"predecessor-version":[{"id":12447,"href":"https:\/\/neferdegypte.com\/en\/wp-json\/wp\/v2\/product\/11802\/revisions\/12447"}],"wp:featuredmedia":[{"embeddable":true,"href":"https:\/\/neferdegypte.com\/en\/wp-json\/wp\/v2\/media\/11060"}],"wp:attachment":[{"href":"https:\/\/neferdegypte.com\/en\/wp-json\/wp\/v2\/media?parent=11802"}],"wp:term":[{"taxonomy":"product_brand","embeddable":true,"href":"https:\/\/neferdegypte.com\/en\/wp-json\/wp\/v2\/product_brand?post=11802"},{"taxonomy":"product_cat","embeddable":true,"href":"https:\/\/neferdegypte.com\/en\/wp-json\/wp\/v2\/product_cat?post=11802"},{"taxonomy":"product_tag","embeddable":true,"href":"https:\/\/neferdegypte.com\/en\/wp-json\/wp\/v2\/product_tag?post=11802"}],"curies":[{"name":"wp","href":"https:\/\/api.w.org\/{rel}","templated":true}]}}