{"id":11903,"date":"2025-07-08T14:40:36","date_gmt":"2025-07-08T14:40:36","guid":{"rendered":"https:\/\/neferdegypte.com\/?post_type=product&#038;p=11903"},"modified":"2025-07-30T09:23:43","modified_gmt":"2025-07-30T09:23:43","slug":"les-necropoles-de-nobles-choisir-entre-7-groupes","status":"publish","type":"product","link":"https:\/\/neferdegypte.com\/en\/product\/les-necropoles-de-nobles-choisir-entre-7-groupes\/","title":{"rendered":"Les N\u00e9cropoles de Nobles (Choisir entre 7 Groupes)"},"content":{"rendered":"<div data-elementor-type=\"wp-post\" data-elementor-id=\"11903\" class=\"elementor elementor-11903\">\n\t\t\t\t<div class=\"elementor-element elementor-element-3894a27c e-flex e-con-boxed e-con e-parent\" data-id=\"3894a27c\" data-element_type=\"container\">\n\t\t\t\t\t<div class=\"e-con-inner\">\n\t\t\t\t<div class=\"elementor-element elementor-element-56ad552 elementor-widget elementor-widget-heading\" data-id=\"56ad552\" data-element_type=\"widget\" data-widget_type=\"heading.default\">\n\t\t\t\t<div class=\"elementor-widget-container\">\n\t\t\t\t\t<h2 class=\"elementor-heading-title elementor-size-default\">Vue d'ensemble<\/h2>\t\t\t\t<\/div>\n\t\t\t\t<\/div>\n\t\t\t\t<div class=\"elementor-element elementor-element-7a850741 elementor-widget elementor-widget-text-editor\" data-id=\"7a850741\" data-element_type=\"widget\" data-widget_type=\"text-editor.default\">\n\t\t\t\t<div class=\"elementor-widget-container\">\n\t\t\t\t\t\t\t\t\t<p>La vall\u00e9e des Nobles\u00a0on d\u00e9compte environ 400 tombes de hauts fonctionnaires (vizirs, gouverneurs), militaires et de repr\u00e9sentants du clerg\u00e9. Le d\u00e9cor de ces tombeaux, contrairement \u00e0 ceux des rois, ne comporte pas de reliefs mais surtout des peintures. Ces derni\u00e8res nous renseignent sur les sc\u00e8nes de la vie quotidienne des anciens \u00e9gyptiens. Ainsi plus de 55 corps de m\u00e9tiers ont \u00e9t\u00e9 recens\u00e9s. Gr\u00e2ce \u00e0 tous ces d\u00e9tails, la vie quotidienne \u00e0 cette \u00e9poque nous renseigne sur la qualit\u00e9 et la fa\u00e7on de vivre des \u00e9gyptiens il y a plus de 3000 ans\u2026<\/p>\t\t\t\t\t\t\t\t<\/div>\n\t\t\t\t<\/div>\n\t\t\t\t<div class=\"elementor-element elementor-element-e03cb73 elementor-widget elementor-widget-text-editor\" data-id=\"e03cb73\" data-element_type=\"widget\" data-widget_type=\"text-editor.default\">\n\t\t\t\t<div class=\"elementor-widget-container\">\n\t\t\t\t\t\t\t\t\t<p><strong>Possibilit\u00e9 de choisir les tombeaux entre (N.B. <span class=\"HwtZe\" lang=\"fr\"><span class=\"jCAhz ChMk0b C1N51c\"><span class=\"ryNqvb\">Prix par Groupe<\/span><\/span><\/span>):<\/strong><\/p>\t\t\t\t\t\t\t\t<\/div>\n\t\t\t\t<\/div>\n\t\t\t\t<div class=\"elementor-element elementor-element-35b49c0 elementor-widget elementor-widget-text-editor\" data-id=\"35b49c0\" data-element_type=\"widget\" data-widget_type=\"text-editor.default\">\n\t\t\t\t<div class=\"elementor-widget-container\">\n\t\t\t\t\t\t\t\t\t<h5><span style=\"color: #dd2d01;\"><strong>***Groupe (1):\u00a0<\/strong><\/span><\/h5><ul><li>\u00a0<strong><u>Tombe de Ramose (TT-55)<\/u>:<\/strong> Gouverneur de la ville de Th\u00e8bes sous Am\u00e9nophis III et le vizir Am\u00e9nophis IV (Akhenaton) le pharaon \u00ab\u00a0monoth\u00e9iste\u00a0\u00bb \u00e0 Tell el-Armana, est l&rsquo;un des rares monuments remontant \u00e0 cette p\u00e9riode charni\u00e8re entre deux formes de cultes religieux. Ses superbes peintures et bas-reliefs, ex\u00e9cut\u00e9s dans deux styles diff\u00e9rents, chacun caract\u00e9ristique d&rsquo;un des deux pharaons, repr\u00e9sentent l\u2019enterrement de Ramose et ses relations avec Akhenaton<\/li><li><strong><u>Tombe de Ouserhat (TT-56)<\/u>:<\/strong> Scribe royal d&rsquo;Am\u00e9nophis II (1427-1400 av. J.-C.), conserve un cycle de peintures \u00e9tonnamment fra\u00eeches montrant le quotidien de l\u2019\u00e9poque (coiffeurs \u2013 agriculteurs.. etc.)<\/li><li><strong><u>Tombe de\u00a0 Kha\u00e9met (TT-57)<\/u>:<\/strong> Inspecteur des greniers et scribe \u00e0 la cour d\u2019Am\u00e9nophis III, montre le d\u00e9funt en train de faire des offrandes, le pharaon \u00e9tant repr\u00e9sent\u00e9 sous forme de sphinx. Y sont \u00e9galement consign\u00e9s le rite fun\u00e9raire d\u2019Osiris (p\u00e8lerinage \u00e0 Abydos), la vie rurale et les t\u00e2ches officielles.<\/li><\/ul>\t\t\t\t\t\t\t\t<\/div>\n\t\t\t\t<\/div>\n\t\t\t\t<div class=\"elementor-element elementor-element-6ac9827 elementor-widget elementor-widget-text-editor\" data-id=\"6ac9827\" data-element_type=\"widget\" data-widget_type=\"text-editor.default\">\n\t\t\t\t<div class=\"elementor-widget-container\">\n\t\t\t\t\t\t\t\t\t<h5><span style=\"color: #dd2d01;\"><strong>***Groupe (2):\u00a0<\/strong><\/span><\/h5><ul><li><strong><u>Tombe de Senn\u00e9fer (TT-96)<\/u>:<\/strong> fut intendant des jardins d&rsquo;Amon sous Am\u00e9nophis II (1427-1400 av. J.-C.). Les \u00e9l\u00e9ments les plus int\u00e9ressants de sa s\u00e9pulture sont profond\u00e9ment enfouis dans la salle principale. Au plafond d&rsquo;\u00e9l\u00e9gants rinceaux de vigne sont charg\u00e9s de lourdes grappes de raisin. Aux murs et sur les piliers, des sc\u00e8nes aux tons chatoyants o\u00f9 s\u2019activent Sennefer, son \u00e9pouse, ses filles et la nourrice royale.<\/li><li><strong><u>Tombe de Rekhmir\u00ea (TT-100)<\/u>:<\/strong> vizir sous Thoutmosis III et Am\u00e9nophis II, est l&rsquo;une des mieux conserv\u00e9es de ce secteur. Sur la paroi ouest, Rekhmir\u00ea inspecte la production de m\u00e9taux, de briques, de bijoux, de cuir, de meubles et de statues.<\/li><\/ul>\t\t\t\t\t\t\t\t<\/div>\n\t\t\t\t<\/div>\n\t\t\t\t<div class=\"elementor-element elementor-element-20afaad elementor-widget elementor-widget-text-editor\" data-id=\"20afaad\" data-element_type=\"widget\" data-widget_type=\"text-editor.default\">\n\t\t\t\t<div class=\"elementor-widget-container\">\n\t\t\t\t\t\t\t\t\t<h5><span style=\"color: #dd2d01;\"><strong>***Groupe (3):\u00a0<\/strong><\/span><\/h5><ul><li><strong><u>Tombe de Nakht (TT-52)<\/u>:<\/strong> astronome d&rsquo;Amon et scribe royal sous Thoutm\u00f4sis IV. C&rsquo;est certainement la plus belle tombe de la n\u00e9cropole car les peintures sont tr\u00e8s fra\u00eeches et bien conserv\u00e9es. Des sc\u00e8nes de labourage (semailles, moisson avec une glaneuse, ramassage du lin, mesurage du bl\u00e9 et vannage). deux paysans vendangent tandis que d&rsquo;autres foulent le raisin au pied; le mo\u00fbt est conserv\u00e9 dans des jarres<\/li><li><strong><u>Tombe de Menna (TT-69)<\/u>:<\/strong> arpenteur et \u00ab scribe du cadastre \u00bb sous Thoutm\u00f4sis IV. Des sc\u00e8nes agricoles, de chasse, de p\u00eache ainsi que des banquets.<\/li><\/ul>\t\t\t\t\t\t\t\t<\/div>\n\t\t\t\t<\/div>\n\t\t\t\t<div class=\"elementor-element elementor-element-0f62be1 elementor-widget elementor-widget-text-editor\" data-id=\"0f62be1\" data-element_type=\"widget\" data-widget_type=\"text-editor.default\">\n\t\t\t\t<div class=\"elementor-widget-container\">\n\t\t\t\t\t\t\t\t\t<h5><span style=\"color: #dd2d01;\"><strong>***Groupe (4):\u00a0<\/strong><\/span><\/h5><ul><li><strong><u>Tombe de Benia (TT-343)<\/u>:<\/strong> \u00e9lev\u00e9 \u00e0 la cour et devenu grand tr\u00e9sorier sous Thoutmosis III (XVIIIe dynastie). De nombreuses sc\u00e8nes y repr\u00e9sentent des tables d&rsquo;offrandes croulant sous la nourriture et les boissons. Dans une niche se dresse une statue de Benia, avec ses parents.<\/li><li><strong><u>Tombe de Khonsou (TT-31):<\/u><\/strong> \u00e9tait premier proph\u00e8te du temple fun\u00e9raire de Thoutmosis III. Le vestibule de son tombeau d\u00e9crit la procession de la barque de Montou, dieu de la Guerre, tir\u00e9e par deux embarcations plus petites. Osiris et Anubis sont \u00e9galement c\u00e9l\u00e9br\u00e9s, Khonsou leur faisant des offrandes. Le plafond est orn\u00e9 de vol de canards et de nids d&rsquo;\u0153ufs.<\/li><li><strong><u>Tombe de Ouserhat (TT-51):<\/u> <\/strong>pr\u00eatre sous le r\u00e8gne de S\u00e9ti Ier (1294-1279 av. J.-C.) Le mur oriental est orn\u00e9 d\u2019une sc\u00e8ne de la d\u00e9esse de l\u2019arbre, qui donne de l\u2019eau, du pain, du miel et des figues. Au-dessous, une double sc\u00e8ne pr\u00e9sente le p\u00e8lerinage rituel \u00e0 Abvdos.<\/li><\/ul>\t\t\t\t\t\t\t\t<\/div>\n\t\t\t\t<\/div>\n\t\t\t\t<div class=\"elementor-element elementor-element-de1003a elementor-widget elementor-widget-text-editor\" data-id=\"de1003a\" data-element_type=\"widget\" data-widget_type=\"text-editor.default\">\n\t\t\t\t<div class=\"elementor-widget-container\">\n\t\t\t\t\t\t\t\t\t<h5><span style=\"color: #dd2d01;\"><strong>***Groupe (5):\u00a0<\/strong><\/span><\/h5><ul><li><strong><u>Tombe de N\u00e9ferrenpet (TT-178):<\/u> <\/strong>(aussi appel\u00e9 Kenro), scribe du tr\u00e9sor sous Rams\u00e8s II (1279-1213 av. J.-C.), est devenue c\u00e9l\u00e8bre par sa sc\u00e8ne o\u00f9 le scribe supervise la pes\u00e9e de l&rsquo;or du tr\u00e9sor. R\u00e9v\u00e9l\u00e9e en 1915 et riche de couleurs.<\/li><li><strong><u>Tombe de Nefersekherou (TT-296):<\/u><\/strong> agent du tr\u00e9sor sous Rams\u00e8s II, dont le plafond est d\u00e9cor\u00e9 d\u2019une grande vari\u00e9t\u00e9 de motifs g\u00e9om\u00e9triques complexes.<\/li><\/ul>\t\t\t\t\t\t\t\t<\/div>\n\t\t\t\t<\/div>\n\t\t\t\t<div class=\"elementor-element elementor-element-7be0214 elementor-widget elementor-widget-text-editor\" data-id=\"7be0214\" data-element_type=\"widget\" data-widget_type=\"text-editor.default\">\n\t\t\t\t<div class=\"elementor-widget-container\">\n\t\t\t\t\t\t\t\t\t<h5><span style=\"color: #dd2d01;\"><strong>***Groupe (6):\u00a0<\/strong><\/span><\/h5><ul><li><strong><u>Tombe de Kh\u00e9rouef (TT-192)<\/u>:<\/strong> scribe et intendant de la reine Tiyi, la Grande \u00c9pouse royale et femme d\u2019Am\u00e9nophis III. un apog\u00e9e de la civilisation et de l&rsquo;art du Nouvel Empire. Un \u00e9tonnant groupe de danseuses qui ex\u00e9cutent des figures acrobatiques ; de gracieuses musiciennes les accompagnent.<\/li><li><strong><u>Tombe de Pabasa (TT-279)<\/u>:<\/strong> Le Conseiller du roi Psamm\u00e9tique I de la XXVI dynastie (664-610 j) et le chef du palais de la Grande Pr\u00eatresse d\u2019Amon la reine Nitocris I. y a 3 piliers carr\u00e9 d\u00e9cor\u00e9s avec des sc\u00e8nes de la vie quotidienne tels que la sc\u00e8ne de la pr\u00e9paration du lit fun\u00e9raire, la pr\u00e9paration de poissons et la chasse aux oiseaux avec le boomerang, des sc\u00e8nes assez rares : la r\u00e9colte du miel et l\u2019adoration aux abeilles.<\/li><li><strong><u>Tombe de Ankh-Hor (TT-414)<\/u>:<\/strong> un des nobles de la XXVI dynastie (672-525 av.j) ou dynastie sa\u00efte. des sc\u00e8nes l\u2019adoration aux abeilles et un autel \u00e0 libations.<\/li><\/ul>\t\t\t\t\t\t\t\t<\/div>\n\t\t\t\t<\/div>\n\t\t\t\t<div class=\"elementor-element elementor-element-3ebee80 elementor-widget elementor-widget-text-editor\" data-id=\"3ebee80\" data-element_type=\"widget\" data-widget_type=\"text-editor.default\">\n\t\t\t\t<div class=\"elementor-widget-container\">\n\t\t\t\t\t\t\t\t\t<h5><span style=\"color: #dd2d01;\"><strong>***Groupe (7):\u00a0<\/strong><\/span><\/h5><ul><li><strong><u>Tombe de Roy (TT-255)<\/u>:<\/strong> Scribe Royale sous le r\u00e8gne d&rsquo;Horemheb v\u00e9cu \u00e0 la fin de la XVIIIe dynastie. Des sc\u00e8nes des pleureuses et les offrandes au cort\u00e8ge fun\u00e9raire\u00a0 aux couleurs tr\u00e8s bien conserv\u00e9es.<\/li><li><strong><u>Tombe de Shuroy (TT-13)<\/u>:<\/strong> un des pr\u00eatres du dieu Amon &#8211; date de l&rsquo;\u00e9poque Ramesside. Les plus c\u00e9l\u00e8bres sc\u00e8nes\u00a0 de piliers Djed sous forme humaine et la sc\u00e8ne de la rencontre divine entre Ra et Maat.<\/li><\/ul>\t\t\t\t\t\t\t\t<\/div>\n\t\t\t\t<\/div>\n\t\t\t\t\t<\/div>\n\t\t\t\t<\/div>\n\t\t<div class=\"elementor-element elementor-element-6c4b8d8 e-flex e-con-boxed e-con e-parent\" data-id=\"6c4b8d8\" data-element_type=\"container\">\n\t\t\t\t\t<div class=\"e-con-inner\">\n\t\t\t\t<div class=\"elementor-element elementor-element-7fec5c2 elementor-widget-divider--view-line elementor-widget elementor-widget-divider\" data-id=\"7fec5c2\" data-element_type=\"widget\" data-widget_type=\"divider.default\">\n\t\t\t\t<div class=\"elementor-widget-container\">\n\t\t\t\t\t\t\t<div class=\"elementor-divider\">\n\t\t\t<span class=\"elementor-divider-separator\">\n\t\t\t\t\t\t<\/span>\n\t\t<\/div>\n\t\t\t\t\t\t<\/div>\n\t\t\t\t<\/div>\n\t\t\t\t\t<\/div>\n\t\t\t\t<\/div>\n\t\t\t\t<\/div>","protected":false},"excerpt":{"rendered":"<ul>\n<li>Visite guid\u00e9e de 1 heure des N\u00e9cropoles de Nobles<\/li>\n<\/ul>","protected":false},"featured_media":11995,"comment_status":"open","ping_status":"closed","template":"","meta":[],"product_brand":[],"product_cat":[43],"product_tag":[],"class_list":{"0":"post-11903","1":"product","2":"type-product","3":"status-publish","4":"has-post-thumbnail","6":"product_cat-tours","8":"first","9":"instock","10":"shipping-taxable","11":"purchasable","12":"product-type-ovabrw_car_rental"},"jetpack_sharing_enabled":true,"_links":{"self":[{"href":"https:\/\/neferdegypte.com\/en\/wp-json\/wp\/v2\/product\/11903","targetHints":{"allow":["GET"]}}],"collection":[{"href":"https:\/\/neferdegypte.com\/en\/wp-json\/wp\/v2\/product"}],"about":[{"href":"https:\/\/neferdegypte.com\/en\/wp-json\/wp\/v2\/types\/product"}],"replies":[{"embeddable":true,"href":"https:\/\/neferdegypte.com\/en\/wp-json\/wp\/v2\/comments?post=11903"}],"version-history":[{"count":45,"href":"https:\/\/neferdegypte.com\/en\/wp-json\/wp\/v2\/product\/11903\/revisions"}],"predecessor-version":[{"id":12446,"href":"https:\/\/neferdegypte.com\/en\/wp-json\/wp\/v2\/product\/11903\/revisions\/12446"}],"wp:featuredmedia":[{"embeddable":true,"href":"https:\/\/neferdegypte.com\/en\/wp-json\/wp\/v2\/media\/11995"}],"wp:attachment":[{"href":"https:\/\/neferdegypte.com\/en\/wp-json\/wp\/v2\/media?parent=11903"}],"wp:term":[{"taxonomy":"product_brand","embeddable":true,"href":"https:\/\/neferdegypte.com\/en\/wp-json\/wp\/v2\/product_brand?post=11903"},{"taxonomy":"product_cat","embeddable":true,"href":"https:\/\/neferdegypte.com\/en\/wp-json\/wp\/v2\/product_cat?post=11903"},{"taxonomy":"product_tag","embeddable":true,"href":"https:\/\/neferdegypte.com\/en\/wp-json\/wp\/v2\/product_tag?post=11903"}],"curies":[{"name":"wp","href":"https:\/\/api.w.org\/{rel}","templated":true}]}}