{"id":12003,"date":"2025-07-07T12:22:42","date_gmt":"2025-07-07T12:22:42","guid":{"rendered":"https:\/\/neferdegypte.com\/?post_type=product&#038;p=12003"},"modified":"2025-07-30T09:24:09","modified_gmt":"2025-07-30T09:24:09","slug":"les-temples-funeraires-choisir-entre-3-temples","status":"publish","type":"product","link":"https:\/\/neferdegypte.com\/en\/product\/les-temples-funeraires-choisir-entre-3-temples\/","title":{"rendered":"Les Temples Fun\u00e9raires (Choisir entre 3 Temples)"},"content":{"rendered":"<div data-elementor-type=\"wp-post\" data-elementor-id=\"12003\" class=\"elementor elementor-12003\">\n\t\t\t\t<div class=\"elementor-element elementor-element-3894a27c e-flex e-con-boxed e-con e-parent\" data-id=\"3894a27c\" data-element_type=\"container\">\n\t\t\t\t\t<div class=\"e-con-inner\">\n\t\t\t\t<div class=\"elementor-element elementor-element-e03cb73 elementor-widget elementor-widget-text-editor\" data-id=\"e03cb73\" data-element_type=\"widget\" data-widget_type=\"text-editor.default\">\n\t\t\t\t<div class=\"elementor-widget-container\">\n\t\t\t\t\t\t\t\t\t<h4><strong>Possibilit\u00e9 de choisir les Temples Fun\u00e9raires entre (N.B. Prix par Temple):<\/strong><\/h4>\t\t\t\t\t\t\t\t<\/div>\n\t\t\t\t<\/div>\n\t\t\t\t<div class=\"elementor-element elementor-element-35b49c0 elementor-widget elementor-widget-text-editor\" data-id=\"35b49c0\" data-element_type=\"widget\" data-widget_type=\"text-editor.default\">\n\t\t\t\t<div class=\"elementor-widget-container\">\n\t\t\t\t\t\t\t\t\t<h5><span style=\"color: #dd2d01;\"><strong>***Le Temple Fun\u00e9raire de M\u00e9dinet Habou\u00a0<\/strong><\/span><\/h5><p>C\u2019est l\u2019impressionnant temple fun\u00e9raire de Rams\u00e8s III et le plus vaste site arch\u00e9ologique apr\u00e8s Karnak. Similaire, du point de vue architectural, au Ramasseum, il a mieux r\u00e9sist\u00e9 \u00e0 l\u2019usure du temps. Dans l\u2019enceinte du temple proprement dit, se trouve le palais du roi. A la place d\u2019un pyl\u00f4ne d\u2019entr\u00e9e habituel, se trouve une tour fortifi\u00e9e s\u2019inspirant de l\u2019architecture militaire des forteresses asiatiques que Rams\u00e8s III aurait pu conna\u00eetre lors de ses campagnes lointaines. On peut admirer d\u2019impressionnants reliefs de sc\u00e8nes de guerres o\u00f9 Pharaon est victorieux de tous les peuples m\u00e9diterran\u00e9ens de l\u2019\u00e9poque.<\/p>\t\t\t\t\t\t\t\t<\/div>\n\t\t\t\t<\/div>\n\t\t\t\t<div class=\"elementor-element elementor-element-6ac9827 elementor-widget elementor-widget-text-editor\" data-id=\"6ac9827\" data-element_type=\"widget\" data-widget_type=\"text-editor.default\">\n\t\t\t\t<div class=\"elementor-widget-container\">\n\t\t\t\t\t\t\t\t\t<h5><span style=\"color: #dd2d01;\"><strong>***Le Temple Fun\u00e9raire d\u2019Hatchepsou (Al-Deir Al Bahari)<\/strong><\/span><\/h5><p>L\u2019architecture de ce temple est unique en Egypte car il est creus\u00e9 en grande partie dans la roche et s\u2019\u00e9l\u00e8ve sur trois niveaux avec des terrasses reli\u00e9es par des rampes centrales. Seule femme pharaon \u00e0 avoir marqu\u00e9 l\u2019histoire, ce temple consacr\u00e9 au dieu Amon avec des chapelles pour la d\u00e9esse Hathor et le dieu Anubis. A la mort de la Reine Pharaon, son successeur Thoutm\u00f4sis III f\u00eet dispara\u00eetre toutes images et nom d\u2019Hatchepsout pour les remplacer par le sien.<\/p>\t\t\t\t\t\t\t\t<\/div>\n\t\t\t\t<\/div>\n\t\t\t\t<div class=\"elementor-element elementor-element-20afaad elementor-widget elementor-widget-text-editor\" data-id=\"20afaad\" data-element_type=\"widget\" data-widget_type=\"text-editor.default\">\n\t\t\t\t<div class=\"elementor-widget-container\">\n\t\t\t\t\t\t\t\t\t<h5><span style=\"color: #dd2d01;\"><strong>***Le Ramasseum<\/strong><\/span><\/h5><p>Ce temple fun\u00e9raire de Rams\u00e8s II est \u00e0 visiter de pr\u00e9f\u00e9rence l\u2019apr\u00e8s-midi \u00e0 cause de la luminosit\u00e9 exceptionnelle. Cette vaste construction est en grande partie en ruines car d\u00e8s l\u2019Antiquit\u00e9, elle servit de carri\u00e8re de pierres. Cependant, c\u2019est un des ensembles les plus monumentaux de la rive ouest. Ce complexe \u00e9tait d\u00e9di\u00e9 au dieu Amon et abritait en plus du temple de Rams\u00e8s II, un petit temple S\u00e9thi 1er, des magasins, une \u00e9cole de scribes ou d\u2019artistes ainsi que les logements pour les pr\u00eatres. A voir absolument les restes des colosses immenses de Rams\u00e8s II gisant au sol et le plafond de la Salle de la Barque avec les repr\u00e9sentations astronomiques et les phases de la Lune.<\/p>\t\t\t\t\t\t\t\t<\/div>\n\t\t\t\t<\/div>\n\t\t\t\t\t<\/div>\n\t\t\t\t<\/div>\n\t\t<div class=\"elementor-element elementor-element-6c4b8d8 e-flex e-con-boxed e-con e-parent\" data-id=\"6c4b8d8\" data-element_type=\"container\">\n\t\t\t\t\t<div class=\"e-con-inner\">\n\t\t\t\t<div class=\"elementor-element elementor-element-7fec5c2 elementor-widget-divider--view-line elementor-widget elementor-widget-divider\" data-id=\"7fec5c2\" data-element_type=\"widget\" data-widget_type=\"divider.default\">\n\t\t\t\t<div class=\"elementor-widget-container\">\n\t\t\t\t\t\t\t<div class=\"elementor-divider\">\n\t\t\t<span class=\"elementor-divider-separator\">\n\t\t\t\t\t\t<\/span>\n\t\t<\/div>\n\t\t\t\t\t\t<\/div>\n\t\t\t\t<\/div>\n\t\t\t\t\t<\/div>\n\t\t\t\t<\/div>\n\t\t\t\t<\/div>","protected":false},"excerpt":{"rendered":"<ul>\n<li><span class=\"HwtZe\" lang=\"fr\"><span class=\"jCAhz ChMk0b\"><span class=\"ryNqvb\">Visitez l&rsquo;un des 3 temples fun\u00e9raires de la rive ouest de Louxor.<\/span><\/span><\/span><\/li>\n<\/ul>","protected":false},"featured_media":12011,"comment_status":"open","ping_status":"closed","template":"","meta":[],"product_brand":[],"product_cat":[43],"product_tag":[],"class_list":{"0":"post-12003","1":"product","2":"type-product","3":"status-publish","4":"has-post-thumbnail","6":"product_cat-tours","8":"first","9":"instock","10":"shipping-taxable","11":"purchasable","12":"product-type-ovabrw_car_rental"},"jetpack_sharing_enabled":true,"_links":{"self":[{"href":"https:\/\/neferdegypte.com\/en\/wp-json\/wp\/v2\/product\/12003","targetHints":{"allow":["GET"]}}],"collection":[{"href":"https:\/\/neferdegypte.com\/en\/wp-json\/wp\/v2\/product"}],"about":[{"href":"https:\/\/neferdegypte.com\/en\/wp-json\/wp\/v2\/types\/product"}],"replies":[{"embeddable":true,"href":"https:\/\/neferdegypte.com\/en\/wp-json\/wp\/v2\/comments?post=12003"}],"version-history":[{"count":20,"href":"https:\/\/neferdegypte.com\/en\/wp-json\/wp\/v2\/product\/12003\/revisions"}],"predecessor-version":[{"id":12448,"href":"https:\/\/neferdegypte.com\/en\/wp-json\/wp\/v2\/product\/12003\/revisions\/12448"}],"wp:featuredmedia":[{"embeddable":true,"href":"https:\/\/neferdegypte.com\/en\/wp-json\/wp\/v2\/media\/12011"}],"wp:attachment":[{"href":"https:\/\/neferdegypte.com\/en\/wp-json\/wp\/v2\/media?parent=12003"}],"wp:term":[{"taxonomy":"product_brand","embeddable":true,"href":"https:\/\/neferdegypte.com\/en\/wp-json\/wp\/v2\/product_brand?post=12003"},{"taxonomy":"product_cat","embeddable":true,"href":"https:\/\/neferdegypte.com\/en\/wp-json\/wp\/v2\/product_cat?post=12003"},{"taxonomy":"product_tag","embeddable":true,"href":"https:\/\/neferdegypte.com\/en\/wp-json\/wp\/v2\/product_tag?post=12003"}],"curies":[{"name":"wp","href":"https:\/\/api.w.org\/{rel}","templated":true}]}}