{"id":12026,"date":"2025-07-22T13:35:00","date_gmt":"2025-07-22T13:35:00","guid":{"rendered":"https:\/\/neferdegypte.com\/?post_type=product&#038;p=12026"},"modified":"2025-07-30T09:07:05","modified_gmt":"2025-07-30T09:07:05","slug":"la-vallee-des-nobles-2-tombes-des-artisans-2-tombes-le-temple-de-medinet-habou","status":"publish","type":"product","link":"https:\/\/neferdegypte.com\/en\/product\/la-vallee-des-nobles-2-tombes-des-artisans-2-tombes-le-temple-de-medinet-habou\/","title":{"rendered":"La Vall\u00e9e des Nobles (2 tombes), des Artisans (2 tombes), le temple de Medinet Habou"},"content":{"rendered":"<div data-elementor-type=\"wp-post\" data-elementor-id=\"12026\" class=\"elementor elementor-12026\">\n\t\t\t\t<div class=\"elementor-element elementor-element-3894a27c e-flex e-con-boxed e-con e-parent\" data-id=\"3894a27c\" data-element_type=\"container\">\n\t\t\t\t\t<div class=\"e-con-inner\">\n\t\t\t\t<div class=\"elementor-element elementor-element-35b49c0 elementor-widget elementor-widget-text-editor\" data-id=\"35b49c0\" data-element_type=\"widget\" data-widget_type=\"text-editor.default\">\n\t\t\t\t<div class=\"elementor-widget-container\">\n\t\t\t\t\t\t\t\t\t<h4><span style=\"color: #dd2d01;\"><strong>***La Vall\u00e9e des Nobles <\/strong><\/span><\/h4><p>on d\u00e9compte environ 400 tombes de hauts fonctionnaires (vizirs, gouverneurs), militaires et de repr\u00e9sentants du clerg\u00e9. Le d\u00e9cor de ces tombeaux, contrairement \u00e0 ceux des rois, ne comporte pas de reliefs mais surtout des peintures. Ces derni\u00e8res nous renseignent sur les sc\u00e8nes de la vie quotidienne des anciens \u00e9gyptiens. Ainsi plus de 55 corps de m\u00e9tiers ont \u00e9t\u00e9 recens\u00e9s. Gr\u00e2ce \u00e0 tous ces d\u00e9tails, la vie quotidienne \u00e0 cette \u00e9poque nous renseigne sur la qualit\u00e9 et la fa\u00e7on de vivre des \u00e9gyptiens il y a plus de 3000 ans\u2026<\/p>\t\t\t\t\t\t\t\t<\/div>\n\t\t\t\t<\/div>\n\t\t\t\t<div class=\"elementor-element elementor-element-690a157 elementor-widget elementor-widget-text-editor\" data-id=\"690a157\" data-element_type=\"widget\" data-widget_type=\"text-editor.default\">\n\t\t\t\t<div class=\"elementor-widget-container\">\n\t\t\t\t\t\t\t\t\t<p><strong>**Possibilit\u00e9 de choisir les tombeaux entre :<\/strong><\/p>\t\t\t\t\t\t\t\t<\/div>\n\t\t\t\t<\/div>\n\t\t\t\t<div class=\"elementor-element elementor-element-44d1031 elementor-widget elementor-widget-text-editor\" data-id=\"44d1031\" data-element_type=\"widget\" data-widget_type=\"text-editor.default\">\n\t\t\t\t<div class=\"elementor-widget-container\">\n\t\t\t\t\t\t\t\t\t<ul><li><strong><u>Tombe de Ramose (TT-55)<\/u>:<\/strong> Gouverneur de la ville de Th\u00e8bes sous Am\u00e9nophis III et le vizir Am\u00e9nophis IV (Akhenaton) le pharaon \u00ab\u00a0monoth\u00e9iste\u00a0\u00bb \u00e0 Tell el-Armana, est l&rsquo;un des rares monuments remontant \u00e0 cette p\u00e9riode charni\u00e8re entre deux formes de cultes religieux. Ses superbes peintures et bas-reliefs, ex\u00e9cut\u00e9s dans deux styles diff\u00e9rents, chacun caract\u00e9ristique d&rsquo;un des deux pharaons, repr\u00e9sentent l\u2019enterrement de Ramose et ses relations avec Akhenaton<\/li><li><strong><u>Tombe de Ouserhat (TT-56)<\/u>:<\/strong> Scribe royal d&rsquo;Am\u00e9nophis II (1427-1400 av. J.-C.), conserve un cycle de peintures \u00e9tonnamment fra\u00eeches montrant le quotidien de l\u2019\u00e9poque (coiffeurs \u2013 agriculteurs.. etc.)<u>Tombe de\u00a0 Kha\u00e9met (TT-57)<\/u> : Inspecteur des greniers et scribe \u00e0 la cour d\u2019Am\u00e9nophis III, montre le d\u00e9funt en train de faire des offrandes, le pharaon \u00e9tant repr\u00e9sent\u00e9 sous forme de sphinx. Y sont \u00e9galement consign\u00e9s le rite fun\u00e9raire d\u2019Osiris (p\u00e8lerinage \u00e0 Abydos), la vie rurale et les t\u00e2ches officielles.<\/li><li><strong><u>Tombe de Senn\u00e9fer (TT-96)<\/u>:<\/strong> fut intendant des jardins d&rsquo;Amon sous Am\u00e9nophis II (1427-1400 av. J.-C.). Les \u00e9l\u00e9ments les plus int\u00e9ressants de sa s\u00e9pulture sont profond\u00e9ment enfouis dans la salle principale. Au plafond d&rsquo;\u00e9l\u00e9gants rinceaux de vigne sont charg\u00e9s de lourdes grappes de raisin. Aux murs et sur les piliers, des sc\u00e8nes aux tons chatoyants o\u00f9 s\u2019activent Sennefer, son \u00e9pouse, ses filles et la nourrice royale.<\/li><li><strong><u>Tombe de Rekhmir\u00ea (TT-100)<\/u>:<\/strong> vizir sous Thoutmosis III et Am\u00e9nophis II, est l&rsquo;une des mieux conserv\u00e9es de ce secteur. Sur la paroi ouest, Rekhmir\u00ea inspecte la production de m\u00e9taux, de briques, de bijoux, de cuir, de meubles et de statues.<\/li><li><strong><u>Tombe de Nakht (TT-52)<\/u>:<\/strong> astronome d&rsquo;Amon et scribe royal sous Thoutm\u00f4sis IV. C&rsquo;est certainement la plus belle tombe de la n\u00e9cropole car les peintures sont tr\u00e8s fra\u00eeches et bien conserv\u00e9es. Des sc\u00e8nes de labourage (semailles, moisson avec une glaneuse, ramassage du lin, mesurage du bl\u00e9 et vannage). deux paysans vendangent tandis que d&rsquo;autres foulent le raisin au pied; le mo\u00fbt est conserv\u00e9 dans des jarres<\/li><li><u>\u00a0<\/u><strong><u>Tombe de Menna (TT-69)<\/u>:<\/strong> arpenteur et \u00ab scribe du cadastre \u00bb sous Thoutm\u00f4sis IV. Des sc\u00e8nes agricoles, de chasse, de p\u00eache ainsi que des banquets.<\/li><li><strong><u>Tombe de Benia (TT-343)<\/u>:<\/strong> \u00e9lev\u00e9 \u00e0 la cour et devenu grand tr\u00e9sorier sous Thoutmosis III (XVIIIe dynastie). De nombreuses sc\u00e8nes y repr\u00e9sentent des tables d&rsquo;offrandes croulant sous la nourriture et les boissons. Dans une niche se dresse une statue de Benia, avec ses parents.<\/li><li><strong><u>Tombe de Khonsou (TT-31):<\/u><\/strong> \u00e9tait premier proph\u00e8te du temple fun\u00e9raire de Thoutmosis III. Le vestibule de son tombeau d\u00e9crit la procession de la barque de Montou, dieu de la Guerre, tir\u00e9e par deux embarcations plus petites. Osiris et Anubis sont \u00e9galement c\u00e9l\u00e9br\u00e9s, Khonsou leur faisant des offrandes. Le plafond est orn\u00e9 de vol de canards et de nids d&rsquo;\u0153ufs.<\/li><li><strong><u>Tombe de Ouserhat (TT-51):<\/u><\/strong> pr\u00eatre sous le r\u00e8gne de S\u00e9ti Ier (1294-1279 av. J.-C.) Le mur oriental est orn\u00e9 d\u2019une sc\u00e8ne de la d\u00e9esse de l\u2019arbre, qui donne de l\u2019eau, du pain, du miel et des figues. Au-dessous, une double sc\u00e8ne pr\u00e9sente le p\u00e8lerinage rituel \u00e0 Abvdos.<\/li><\/ul>\t\t\t\t\t\t\t\t<\/div>\n\t\t\t\t<\/div>\n\t\t\t\t<div class=\"elementor-element elementor-element-6ac9827 elementor-widget elementor-widget-text-editor\" data-id=\"6ac9827\" data-element_type=\"widget\" data-widget_type=\"text-editor.default\">\n\t\t\t\t<div class=\"elementor-widget-container\">\n\t\t\t\t\t\t\t\t\t<h4><span style=\"color: #dd2d01;\"><strong>***La Vall\u00e9e des Artisans<\/strong><\/span><\/h4><p>La vall\u00e9e des artisans comporte le village et les tombes des artisans. Situ\u00e9 au fond d\u2019une vall\u00e9e, le village, proprement dit, est entour\u00e9 d\u2019un mur d\u2019enceinte. Ses habitants vivaient \u00e0 l\u2019\u00e9cart du reste de la r\u00e9gion et \u00e9taient approvisionn\u00e9s directement par l\u2019administration du Pharaon. L\u2019endroit pr\u00e9cis du lieu de travail des artisans (carriers, tailleurs de pierre, graveurs, peintres\u2026) ainsi que le but de leur occupation \u00e9taient tenus aux secrets. A l\u2019ext\u00e9rieur de l\u2019enceinte et \u00e9tag\u00e9es sur les flancs de la colline, se trouvent les tombes de ces artisans. Ces derni\u00e8res ont \u00e9t\u00e9 construites et d\u00e9cor\u00e9es par les ouvriers de la n\u00e9cropole. \u00a0<\/p>\t\t\t\t\t\t\t\t<\/div>\n\t\t\t\t<\/div>\n\t\t\t\t<div class=\"elementor-element elementor-element-1a8cd86 elementor-widget elementor-widget-text-editor\" data-id=\"1a8cd86\" data-element_type=\"widget\" data-widget_type=\"text-editor.default\">\n\t\t\t\t<div class=\"elementor-widget-container\">\n\t\t\t\t\t\t\t\t\t<p><strong>**Possibilit\u00e9 de visiter 3 tombes avec le ticket classique :<\/strong><\/p>\t\t\t\t\t\t\t\t<\/div>\n\t\t\t\t<\/div>\n\t\t\t\t<div class=\"elementor-element elementor-element-9ab1720 elementor-widget elementor-widget-text-editor\" data-id=\"9ab1720\" data-element_type=\"widget\" data-widget_type=\"text-editor.default\">\n\t\t\t\t<div class=\"elementor-widget-container\">\n\t\t\t\t\t\t\t\t\t<ul><li><strong><u>\u00a0<\/u><u>Tombe de Sennedjem (TT-01)<\/u>:<\/strong> Chef des ouvriers v\u00e9cu sous S\u00e9ti Ier et Rams\u00e8s II (XIXe dynastie). La plus int\u00e9ressante avec ses peintures dans les tons ocres, tout le mobilier se trouve au Mus\u00e9e des Antiquit\u00e9s du Caire car elle fut d\u00e9couverte intacte en 1886.<\/li><li><strong><u>Tombe d\u2019Inherkaou (TT-359)<\/u>:<\/strong> Chef des ouvriers Sous lus r\u00e8gnes de Rams\u00e8s III ut de Rams\u00e8s IV. Quelques belles sc\u00e8nes domestiques figurent Inherkaou avec son \u00e9pouse et ses enfants. La plus c\u00e9l\u00e8bre sc\u00e8ne repr\u00e9sentant un chat (symbole du dieu-soleil R\u00ea) en train de tuer un serpent (symbole d&rsquo;Aphosis. serpent du Mal) sous un arbre sacr\u00e9.<\/li><li><strong><u>Tombe Familiale:<\/u> <\/strong>magnifiques sc\u00e8nes d\u2019Anubis pench\u00e9 sur une momie, Des autres sc\u00e8nes repr\u00e9sentent le d\u00e9esses Isis et Nephtys. Ces tombes prouvent l\u2019importance des artisans et des ouvriers au Nouvel Empire sous r\u00e8gne de Rams\u00e8s II<\/li><li><strong><u>(TT-218) Amen-Nakht et sa Femme Imy-Way<\/u><\/strong><\/li><li><strong><u>(TT-219) Neb-En-Maat:<\/u><\/strong> 1er fils<\/li><li><strong><u>(TT-220): Khaa-Em-Teri:<\/u><\/strong> 2eme fils<\/li><\/ul><p><strong>**Possibilit\u00e9 de visiter un petit temple ptol\u00e9ma\u00efque consacr\u00e9 \u00e0 Hathor et Ma\u00e2t.<\/strong><\/p>\t\t\t\t\t\t\t\t<\/div>\n\t\t\t\t<\/div>\n\t\t\t\t<div class=\"elementor-element elementor-element-5df6550 elementor-widget elementor-widget-text-editor\" data-id=\"5df6550\" data-element_type=\"widget\" data-widget_type=\"text-editor.default\">\n\t\t\t\t<div class=\"elementor-widget-container\">\n\t\t\t\t\t\t\t\t\t<p><strong>**Possibilit\u00e9 d\u2019ajouter : la Tombe de Pached \u00a0(ticket suppl\u00e9mentaire) est c\u00e9l\u00e8bre pour la repr\u00e9sentation de cet autre contrema\u00eetre de la XIXe dynastie priant sous un palmier au bord de l\u2019eau.<\/strong><\/p>\t\t\t\t\t\t\t\t<\/div>\n\t\t\t\t<\/div>\n\t\t\t\t<div class=\"elementor-element elementor-element-20afaad elementor-widget elementor-widget-text-editor\" data-id=\"20afaad\" data-element_type=\"widget\" data-widget_type=\"text-editor.default\">\n\t\t\t\t<div class=\"elementor-widget-container\">\n\t\t\t\t\t\t\t\t\t<h4><span style=\"color: #dd2d01;\"><strong>***Le Temple Fun\u00e9raire de M\u00e9dinet Habou\u00a0<\/strong><\/span><\/h4><p>C\u2019est l\u2019impressionnant temple fun\u00e9raire de Rams\u00e8s III et le plus vaste site arch\u00e9ologique apr\u00e8s Karnak. Similaire, du point de vue architectural, au Ramasseum, il a mieux r\u00e9sist\u00e9 \u00e0 l\u2019usure du temps. Dans l\u2019enceinte du temple proprement dit, se trouve le palais du roi. A la place d\u2019un pyl\u00f4ne d\u2019entr\u00e9e habituel, se trouve une tour fortifi\u00e9e s\u2019inspirant de l\u2019architecture militaire des forteresses asiatiques que Rams\u00e8s III aurait pu conna\u00eetre lors de ses campagnes lointaines. On peut admirer d\u2019impressionnants reliefs de sc\u00e8nes de guerres o\u00f9 Pharaon est victorieux de tous les peuples m\u00e9diterran\u00e9ens de l\u2019\u00e9poque.<\/p>\t\t\t\t\t\t\t\t<\/div>\n\t\t\t\t<\/div>\n\t\t\t\t\t<\/div>\n\t\t\t\t<\/div>\n\t\t<div class=\"elementor-element elementor-element-6c4b8d8 e-flex e-con-boxed e-con e-parent\" data-id=\"6c4b8d8\" data-element_type=\"container\">\n\t\t\t\t\t<div class=\"e-con-inner\">\n\t\t\t\t<div class=\"elementor-element elementor-element-7fec5c2 elementor-widget-divider--view-line elementor-widget elementor-widget-divider\" data-id=\"7fec5c2\" data-element_type=\"widget\" data-widget_type=\"divider.default\">\n\t\t\t\t<div class=\"elementor-widget-container\">\n\t\t\t\t\t\t\t<div class=\"elementor-divider\">\n\t\t\t<span class=\"elementor-divider-separator\">\n\t\t\t\t\t\t<\/span>\n\t\t<\/div>\n\t\t\t\t\t\t<\/div>\n\t\t\t\t<\/div>\n\t\t\t\t\t<\/div>\n\t\t\t\t<\/div>\n\t\t\t\t<\/div>","protected":false},"excerpt":{"rendered":"<ul>\n<li>Visite guid\u00e9e de 4 heure des Vall\u00e9e des Nobles (2 tombes), des Artisans (2 tombes), le temple de Medinet Habou<\/li>\n<\/ul>","protected":false},"featured_media":12025,"comment_status":"open","ping_status":"closed","template":"","meta":[],"product_brand":[],"product_cat":[43],"product_tag":[],"class_list":{"0":"post-12026","1":"product","2":"type-product","3":"status-publish","4":"has-post-thumbnail","6":"product_cat-tours","8":"first","9":"instock","10":"shipping-taxable","11":"purchasable","12":"product-type-ovabrw_car_rental"},"jetpack_sharing_enabled":true,"_links":{"self":[{"href":"https:\/\/neferdegypte.com\/en\/wp-json\/wp\/v2\/product\/12026","targetHints":{"allow":["GET"]}}],"collection":[{"href":"https:\/\/neferdegypte.com\/en\/wp-json\/wp\/v2\/product"}],"about":[{"href":"https:\/\/neferdegypte.com\/en\/wp-json\/wp\/v2\/types\/product"}],"replies":[{"embeddable":true,"href":"https:\/\/neferdegypte.com\/en\/wp-json\/wp\/v2\/comments?post=12026"}],"version-history":[{"count":67,"href":"https:\/\/neferdegypte.com\/en\/wp-json\/wp\/v2\/product\/12026\/revisions"}],"predecessor-version":[{"id":12434,"href":"https:\/\/neferdegypte.com\/en\/wp-json\/wp\/v2\/product\/12026\/revisions\/12434"}],"wp:featuredmedia":[{"embeddable":true,"href":"https:\/\/neferdegypte.com\/en\/wp-json\/wp\/v2\/media\/12025"}],"wp:attachment":[{"href":"https:\/\/neferdegypte.com\/en\/wp-json\/wp\/v2\/media?parent=12026"}],"wp:term":[{"taxonomy":"product_brand","embeddable":true,"href":"https:\/\/neferdegypte.com\/en\/wp-json\/wp\/v2\/product_brand?post=12026"},{"taxonomy":"product_cat","embeddable":true,"href":"https:\/\/neferdegypte.com\/en\/wp-json\/wp\/v2\/product_cat?post=12026"},{"taxonomy":"product_tag","embeddable":true,"href":"https:\/\/neferdegypte.com\/en\/wp-json\/wp\/v2\/product_tag?post=12026"}],"curies":[{"name":"wp","href":"https:\/\/api.w.org\/{rel}","templated":true}]}}