{"id":12027,"date":"2025-07-23T10:35:02","date_gmt":"2025-07-23T10:35:02","guid":{"rendered":"https:\/\/neferdegypte.com\/?post_type=product&#038;p=12027"},"modified":"2025-07-30T07:53:06","modified_gmt":"2025-07-30T07:53:06","slug":"la-vallee-des-rois-3-tombes-des-reines-2-tombes-le-temple-de-deir-el-bahari-les-colosses-de-memnon","status":"publish","type":"product","link":"https:\/\/neferdegypte.com\/en\/product\/la-vallee-des-rois-3-tombes-des-reines-2-tombes-le-temple-de-deir-el-bahari-les-colosses-de-memnon\/","title":{"rendered":"La Vall\u00e9e des Rois (3 tombes), des Reines (2 tombes), le Temple de Deir El Bahari, les colosses de Memnon"},"content":{"rendered":"<div data-elementor-type=\"wp-post\" data-elementor-id=\"12027\" class=\"elementor elementor-12027\">\n\t\t\t\t<div class=\"elementor-element elementor-element-3894a27c e-flex e-con-boxed e-con e-parent\" data-id=\"3894a27c\" data-element_type=\"container\">\n\t\t\t\t\t<div class=\"e-con-inner\">\n\t\t\t\t<div class=\"elementor-element elementor-element-35b49c0 elementor-widget elementor-widget-text-editor\" data-id=\"35b49c0\" data-element_type=\"widget\" data-widget_type=\"text-editor.default\">\n\t\t\t\t<div class=\"elementor-widget-container\">\n\t\t\t\t\t\t\t\t\t<h4><span style=\"color: #dd2d01;\"><strong>***La Vall\u00e9e des Rois\u00a0<\/strong><\/span><\/h4><p>La vall\u00e9e des Rois\u00a0: c\u2019est \u00e0 partir du Nouvel Empire que les pharaons se font creuser leurs \u201cdemeures \u00e9ternelles\u201d dans ce lieu d\u00e9sertique. Le plan classique d\u2019une tombe est une longue galerie, creus\u00e9e dans la roche, avec une ou plusieurs chambres, pour finir par la chambre fun\u00e9raire avec le sarcophage. Les repr\u00e9sentations des parois sont presque uniquement religieuses afin d\u2019accompagner le d\u00e9funt vers l\u2019Au-del\u00e0. A ce jour, on d\u00e9nombre 65 s\u00e9pultures, toutes pill\u00e9es \u00e0 travers les si\u00e8cles sauf la plus c\u00e9l\u00e8bre, la tombe de Toutankhamon.<\/p>\t\t\t\t\t\t\t\t<\/div>\n\t\t\t\t<\/div>\n\t\t\t\t<div class=\"elementor-element elementor-element-6ac9827 elementor-widget elementor-widget-text-editor\" data-id=\"6ac9827\" data-element_type=\"widget\" data-widget_type=\"text-editor.default\">\n\t\t\t\t<div class=\"elementor-widget-container\">\n\t\t\t\t\t\t\t\t\t<p><strong>**Possibilit\u00e9 de visiter 3 tombes avec le ticket classique (7 tombeaux sont ouverts): <\/strong><\/p>\t\t\t\t\t\t\t\t<\/div>\n\t\t\t\t<\/div>\n\t\t\t\t<div class=\"elementor-element elementor-element-c40be01 elementor-widget elementor-widget-text-editor\" data-id=\"c40be01\" data-element_type=\"widget\" data-widget_type=\"text-editor.default\">\n\t\t\t\t<div class=\"elementor-widget-container\">\n\t\t\t\t\t\t\t\t\t<ul><li><u><strong>Tombe de Rams\u00e8s IV (KV-2)<\/strong><\/u><strong>:<\/strong> Les plans pr\u00e9voyaient bien plus grand, mais la mort pr\u00e9matur\u00e9e de Rams\u00e8s IV (1147 av. J.-C.) avant son ach\u00e8vement a r\u00e9duit l&rsquo;hypog\u00e9e \u00e0 89 m. Ce qui devait \u00eatre la salle hypostyle est devenue la chambre fun\u00e9raire. Le massif sarcophage en granit rouge, vide, n\u2019a pas boug\u00e9, sous le bleu profond du plafond o\u00f9 est figur\u00e9e la d\u00e9esse Nout. Proche de l\u2019entr\u00e9e de la vall\u00e9e, cette tombe fut pill\u00e9e d\u00e8s l\u2019Antiquit\u00e9, occup\u00e9e (on y trouve des graffitis grecs, romains et coptes) et m\u00eame utilis\u00e9e comme logement de fortune aux XVIIIe et XIXe si\u00e8cles.<\/li><li><strong><u>Tombe de Rams\u00e8s IX (KV-6)<\/u>:<\/strong> Escalier d&rsquo;entr\u00e9e avec rampe; premier corridor avec quatre chambres lat\u00e9rales; deuxi\u00e8me et troisi\u00e8me corridors avec deux niches; vestibule; salle \u00e0 quatre piliers; chambre fun\u00e9raire. En tout 82 m taill\u00e9s dans la roche. Peintures murales. Dans le premier corridor, image double du pharaon adorant le disque solaire \u00e0 l&rsquo;int\u00e9rieur duquel figurent Atoum \u00e0 t\u00eate de b\u00e9lier et un \u0153il-oudjat. Les murs du corridor portent des textes tir\u00e9s des Litanies du Soleil, du Livre des Morts, du Livre des Cavernes et dans la derni\u00e8re partie, du Livre de l&rsquo;Amdouat (divinit\u00e9s infernales); le roi devant les dieux (3e chambre \u00e0 droite) ; repr\u00e9sentation de la momie du roi, scarab\u00e9e et soleil.<\/li><li><strong><u>Tombe de Rams\u00e8s III (KV-11)<\/u>:<\/strong> L\u2019\u00e9tat de pr\u00e9servation exceptionnel et la beaut\u00e9 du d\u00e9cor attirent plus de visiteurs ici. sa construction fut abandonn\u00e9e lorsque les ouvriers d\u00e9bouch\u00e8rent dans la salle du puits d&rsquo;une autre tombe (KV 10). Les travaux reprirent sous Rams\u00e8s III (1184-1153 av. J.-C.), dernier pharaon guerrier. Le couloir fut alors d\u00e9vi\u00e9 vers la droite, s&rsquo;enfon\u00e7ant profond\u00e9ment (125 m en tout)<\/li><li><strong><u>Tombe de Rams\u00e8s I (KV-16)<\/u>:<\/strong> La petite tombe de Rams\u00e8s Ier qui r\u00e9gna seulement deux ans et ne put se faire creuser un hypog\u00e9e plus important, ressemble \u00e0 celle de Tout\u00e2nkhamon : escalier raide, couloir, autre escalier puis chambre du sarcophage flanqu\u00e9e de deux salles. Les murs sont orn\u00e9s de textes du Livre des Portes et de repr\u00e9sentations du roi devant diverses divinit\u00e9s, dont des d\u00e9esses personnifiant les heures de la nuit, le tout sur fond gris. Le sarcophage est en granit et porte inscriptions et sc\u00e8nes du Livre des Morts peintes en jaune.<\/li><li><strong><u>Tombe de Merenptah (KV-8)<\/u>:<\/strong> fils de Rams\u00e8s II et de la reine Isis-Nofret. Ici le nombre de salles lat\u00e9rales diminue au profit de couloirs plus longs et de chambres plus hautes (longueur totale : 115 m). La tombe fut fouill\u00e9e par Carter qui n&rsquo;y trouva que peu de mobilier. Le plan se compose de trois couloirs; le quatri\u00e8me couloir conduit \u00e0 un vestibule o\u00f9 se trouve le couvercle du sarcophage externe et un cinqui\u00e8me couloir conduit \u00e0 la grande chambre fun\u00e9raire \u00e0 huit piliers dispos\u00e9s sur deux rangs.<\/li><li><strong><u>Tombe de Rams\u00e8s VII (KV-1<\/u>):<\/strong> Ouverte depuis l&rsquo;Antiquit\u00e9, cette tombe \u00e0 axe unique pr\u00e9sente une d\u00e9coration conforme \u00e0 la tradition des s\u00e9pultures royales : extraits du Livre des Portes et du Livre des Cavernes, et sc\u00e8nes o\u00f9 le souverain appara\u00eet devant diverses divinit\u00e9s. Dans la chambre fun\u00e9raire, un \u00e9norme bloc taill\u00e9 (toujours en place) recouvrait la fosse o\u00f9 reposait la momie. Le plafond porte une double repr\u00e9sentation de Nout, la d\u00e9esse du ciel.<\/li><li><strong><u>Tombe de S\u00e9thi II (KV-15)<\/u>:<\/strong> souverain de la fin de la XIXe dynastie, l&rsquo;\u00e9poux de la reine Taousert. La d\u00e9coration de sa tombe ne fut jamais achev\u00e9e. La 1re partie du long couloir est orn\u00e9e de reliefs d\u2019une bonne qualit\u00e9. Le sarcophage royal y est encore en place ; un syst\u00e8me de miroir permet de d\u00e9couvrir la d\u00e9coration interne du couvercle : une image de Nephtys prot\u00e9geant la momie.<\/li><li><strong><u>Tombe de Taousert et de Sethnakht (KV-14)<\/u>:<\/strong> Elle pr\u00e9sente la particularit\u00e9 unique de poss\u00e9der deux chambres fun\u00e9raires : celle de la reine Taousert (1194\/1188-1186) et celle de Sethnakht (1186-1184), les repr\u00e9sentations de la reine sous Rams\u00e8s III (le successeur de Sethnakht). Celles-ci sont \u00e0 nouveau visibles \u00e0 l&rsquo;entr\u00e9e de la tombe jusque \u00e0 la 1ere chambre fun\u00e9raire, une salle vo\u00fbt\u00e9e soutenue par huit piliers. c\u2019est la tombe de la reine Taousert, Le reste des corridors et la 2eme chambre fun\u00e9raire c\u2019est la tombe du roi Sethnakht.<\/li><li><strong><u>Tombe de Siptah (KV-47)<\/u>:<\/strong> Siptah ne r\u00e9gna que six ans (1194-1188) sous la r\u00e9gence de sa belle-m\u00e8re Taousert. Sa tombe a conserv\u00e9 un ensemble de sc\u00e8nes d&rsquo;une fra\u00eecheur de coloris remarquable. Le sarcophage, intact, est encore en place avec son couvercle anthropomorphe.\u00a0<\/li><\/ul>\t\t\t\t\t\t\t\t<\/div>\n\t\t\t\t<\/div>\n\t\t\t\t<div class=\"elementor-element elementor-element-20afaad elementor-widget elementor-widget-text-editor\" data-id=\"20afaad\" data-element_type=\"widget\" data-widget_type=\"text-editor.default\">\n\t\t\t\t<div class=\"elementor-widget-container\">\n\t\t\t\t\t\t\t\t\t<p><strong>**Possibilit\u00e9 d\u2019ajouter des tickets suppl\u00e9mentaires pour tombes suivantes:<\/strong><\/p>\t\t\t\t\t\t\t\t<\/div>\n\t\t\t\t<\/div>\n\t\t\t\t<div class=\"elementor-element elementor-element-0a7d8a4 elementor-widget elementor-widget-text-editor\" data-id=\"0a7d8a4\" data-element_type=\"widget\" data-widget_type=\"text-editor.default\">\n\t\t\t\t<div class=\"elementor-widget-container\">\n\t\t\t\t\t\t\t\t\t<ul><li><strong><u>Tombe de Seti I (KV-17)<\/u>:<\/strong> le plus admirable de tous les hypog\u00e9es royaux, pour son plan et sa d\u00e9coration. Il fut d\u00e9couvert en 1817 par Belzoni. D&rsquo;une longueur de 120 m\u00e8tres,, c\u2019\u00e9tait la premi\u00e8re tombe de la Vall\u00e9e des Rois int\u00e9gralement d\u00e9cor\u00e9e.<\/li><li><strong><u>Tombe de Rams\u00e8s V&amp;VI (KV-9)<\/u>:<\/strong> la seule tombe repr\u00e9sente toutes les chapitres des livres des morts ; ses corridors reprennent et compl\u00e8tent les textes des Livres des Portes, des Cavernes, et le livre de l\u2019Amdouat, ainsi que les repr\u00e9sentations sur ses parois sont tir\u00e9es du Livre de la Terre, alors que le Livre du Jour et le Livre de la Nuit sont illustr\u00e9s sur le plafond astronomique.<\/li><li><strong><u>Tombe de Tout\u00e2nkhamon (KV-62)<\/u>:<\/strong> la seule tombe trouv\u00e9e intacte, garde sa momie jusque maintenant, d\u00e9couverte en 1922 par Carter et Carnarvon. Le tr\u00e9sor d\u00e9couvert comporte 5 398 pi\u00e8ces, 1 700 pi\u00e8ces conserv\u00e9 au nouveau mus\u00e9e des Antiquit\u00e9s le GEM \u00e0 Guiz\u00e8h.<\/li><\/ul>\t\t\t\t\t\t\t\t<\/div>\n\t\t\t\t<\/div>\n\t\t\t\t<div class=\"elementor-element elementor-element-0f62be1 elementor-widget elementor-widget-text-editor\" data-id=\"0f62be1\" data-element_type=\"widget\" data-widget_type=\"text-editor.default\">\n\t\t\t\t<div class=\"elementor-widget-container\">\n\t\t\t\t\t\t\t\t\t<h4><span style=\"color: #dd2d01;\"><strong>***La Vall\u00e9e des Reines<\/strong><\/span><\/h4><p>Comme pour les pharaons, leurs \u00e9pouses, princes non r\u00e9gnants et princesses ont des tombes creus\u00e9es \u00e0 m\u00eame les flancs de colline. Sur le m\u00eame principe que pour les rois, la tombe est une longue galerie, avec une ou plusieurs chambres, pour finir par la chambre fun\u00e9raire. On compte environ 104 tombes datant de la XVIIIe \u00e0 la XXe dynastie. En plus de la tombe de N\u00e9fertari (la plus connue \u2013 ferm\u00e9e pour la restauration), les tombes de deux des fils de Rams\u00e8s III sont bien d\u00e9cor\u00e9es et conserv\u00e9es.<\/p>\t\t\t\t\t\t\t\t<\/div>\n\t\t\t\t<\/div>\n\t\t\t\t<div class=\"elementor-element elementor-element-de1003a elementor-widget elementor-widget-text-editor\" data-id=\"de1003a\" data-element_type=\"widget\" data-widget_type=\"text-editor.default\">\n\t\t\t\t<div class=\"elementor-widget-container\">\n\t\t\t\t\t\t\t\t\t<p><strong>**Les Tombes Ouvertes: <\/strong><\/p>\t\t\t\t\t\t\t\t<\/div>\n\t\t\t\t<\/div>\n\t\t\t\t<div class=\"elementor-element elementor-element-bb58ae3 elementor-widget elementor-widget-text-editor\" data-id=\"bb58ae3\" data-element_type=\"widget\" data-widget_type=\"text-editor.default\">\n\t\t\t\t<div class=\"elementor-widget-container\">\n\t\t\t\t\t\t\t\t\t<ul><li><strong><u>Tombe d&rsquo;Amon-khepshef (QV-55)<\/u><\/strong><strong>: <\/strong>fils de Rams\u00e8s III, mort avant ses 20 ans. est aussi une petite merveille. Sur les murs du vestibule. Rams\u00e8s tient son fils par la main et le pr\u00e9sente aux dieux qui l&rsquo;aideront \u00e0 rejoindre l\u2019au-del\u00e0. Le prince porte un pagne et des sandales, et arbore la m\u00e8che de cheveux caract\u00e9ristique des jeunes gar\u00e7ons. Dans la chambre fun\u00e9raire y a un foetus momifi\u00e9 pr\u00e9sent\u00e9 dans une petite vitrine. Il ne faisait pas partie de ce tombeau et a en fait \u00e9t\u00e9 retrouv\u00e9 au sud de la Vall\u00e9e des Rois.<\/li><li><strong><u>Tombe de Kha\u00e9mouaset (QV-44)<\/u><\/strong><strong>: <\/strong>fils de Rams\u00e8s III (1186-1069 av. J.-C.), mort jeune. Suivant un plan lin\u00e9aire, sa tombe est magnifique, d\u00e9cor\u00e9e de sc\u00e8nes bien conserv\u00e9es et color\u00e9es montrant Rams\u00e8s pr\u00e9sentant son fils aux dieux et de sc\u00e8nes du Livre des morts. Le vestibule a un plafond couvert d&rsquo;\u00e9toiles, Rams\u00e8s y appara\u00eet en grand costume de c\u00e9r\u00e9monie: \u00e0 ses c\u00f4t\u00e9s, Kha\u00e9mouaset porte une tunique et une tresse qui retombe sur le c\u00f4t\u00e9 de son cr\u00e2ne ras\u00e9, signe de sa jeunesse.<\/li><li><strong><u>Tombe de la Reine Titi (QV-52)<\/u><\/strong><strong>: <\/strong>Femme Principale de Rams\u00e8s III, Un couloir m\u00e8ne \u00e0 une chapelle carr\u00e9e, \u00e0 c\u00f4t\u00e9 de laquelle se trouvent une chambre fun\u00e9raire et deux pi\u00e8ces plus petites. Les peintures ont perdu de leurs couleurs, mais on distingue, sur la paroi gauche du couloir, la d\u00e9esse Ma\u00e2t ail\u00e9e et agenouill\u00e9e. Sur la paroi droite, la reine se tient devant Thot, Ptah et les quatre fils d&rsquo;Horus. Dans la chambre fun\u00e9raire, on retrouve une s\u00e9rie d\u2019animaux gardiens : un chacal et un lion, ainsi que trois singes.<\/li><\/ul>\t\t\t\t\t\t\t\t<\/div>\n\t\t\t\t<\/div>\n\t\t\t\t<div class=\"elementor-element elementor-element-7be0214 elementor-widget elementor-widget-text-editor\" data-id=\"7be0214\" data-element_type=\"widget\" data-widget_type=\"text-editor.default\">\n\t\t\t\t<div class=\"elementor-widget-container\">\n\t\t\t\t\t\t\t\t\t<h4><span style=\"color: #dd2d01;\"><strong>***Le Temple Fun\u00e9raire d\u2019Hatchepsou (Al-Deir Al Bahari)<\/strong><\/span><\/h4><p>L\u2019architecture de ce temple est unique en Egypte car il est creus\u00e9 en grande partie dans la roche et s\u2019\u00e9l\u00e8ve sur trois niveaux avec des terrasses reli\u00e9es par des rampes centrales. Seule femme pharaon \u00e0 avoir marqu\u00e9 l\u2019histoire, ce temple consacr\u00e9 au dieu Amon avec des chapelles pour la d\u00e9esse Hathor et le dieu Anubis. A la mort de la Reine Pharaon, son successeur Thoutm\u00f4sis III f\u00eet dispara\u00eetre toutes images et nom d\u2019Hatchepsout pour les remplacer par le sien.<\/p>\t\t\t\t\t\t\t\t<\/div>\n\t\t\t\t<\/div>\n\t\t\t\t<div class=\"elementor-element elementor-element-3ebee80 elementor-widget elementor-widget-text-editor\" data-id=\"3ebee80\" data-element_type=\"widget\" data-widget_type=\"text-editor.default\">\n\t\t\t\t<div class=\"elementor-widget-container\">\n\t\t\t\t\t\t\t\t\t<h4><span style=\"color: #dd2d01;\"><strong>***Les Colosses de Memnon<\/strong><\/span><\/h4><p>Seuls vestiges du temple d\u2019Am\u00e9nophis III, ces deux statues d\u2019une hauteur de 17 m repr\u00e9sentent le Pharaon assis devant l\u2019entr\u00e9e du temple. Dans l\u2019Antiquit\u00e9 d\u00e9j\u00e0, les monolithes \u00e9taient connus bien au-del\u00e0 des fronti\u00e8res \u00e9gyptiennes \u00e0 cause du chant qu\u2019\u00e9mettait l\u2019un d\u2019entre eux au lever du soleil. Apr\u00e8s la visite de l\u2019empereur romain Septime-S\u00e9v\u00e8re \u00e0 Th\u00e8bes (199 ap. J.C), il ordonna la restauration du colosse qui le rendit muet.<\/p>\t\t\t\t\t\t\t\t<\/div>\n\t\t\t\t<\/div>\n\t\t\t\t\t<\/div>\n\t\t\t\t<\/div>\n\t\t<div class=\"elementor-element elementor-element-6c4b8d8 e-flex e-con-boxed e-con e-parent\" data-id=\"6c4b8d8\" data-element_type=\"container\">\n\t\t\t\t\t<div class=\"e-con-inner\">\n\t\t\t\t<div class=\"elementor-element elementor-element-7fec5c2 elementor-widget-divider--view-line elementor-widget elementor-widget-divider\" data-id=\"7fec5c2\" data-element_type=\"widget\" data-widget_type=\"divider.default\">\n\t\t\t\t<div class=\"elementor-widget-container\">\n\t\t\t\t\t\t\t<div class=\"elementor-divider\">\n\t\t\t<span class=\"elementor-divider-separator\">\n\t\t\t\t\t\t<\/span>\n\t\t<\/div>\n\t\t\t\t\t\t<\/div>\n\t\t\t\t<\/div>\n\t\t\t\t\t<\/div>\n\t\t\t\t<\/div>\n\t\t\t\t<\/div>","protected":false},"excerpt":{"rendered":"<ul>\n<li>Visite guid\u00e9e de 5 heure des Vall\u00e9e des Rois (3 tombes), des Reines (2 tombes), le Temple de Deir El Bahari, les colosses de Memnon<\/li>\n<\/ul>","protected":false},"featured_media":12365,"comment_status":"open","ping_status":"closed","template":"","meta":[],"product_brand":[],"product_cat":[43],"product_tag":[],"class_list":{"0":"post-12027","1":"product","2":"type-product","3":"status-publish","4":"has-post-thumbnail","6":"product_cat-tours","8":"first","9":"instock","10":"shipping-taxable","11":"purchasable","12":"product-type-ovabrw_car_rental"},"jetpack_sharing_enabled":true,"_links":{"self":[{"href":"https:\/\/neferdegypte.com\/en\/wp-json\/wp\/v2\/product\/12027","targetHints":{"allow":["GET"]}}],"collection":[{"href":"https:\/\/neferdegypte.com\/en\/wp-json\/wp\/v2\/product"}],"about":[{"href":"https:\/\/neferdegypte.com\/en\/wp-json\/wp\/v2\/types\/product"}],"replies":[{"embeddable":true,"href":"https:\/\/neferdegypte.com\/en\/wp-json\/wp\/v2\/comments?post=12027"}],"version-history":[{"count":83,"href":"https:\/\/neferdegypte.com\/en\/wp-json\/wp\/v2\/product\/12027\/revisions"}],"predecessor-version":[{"id":12773,"href":"https:\/\/neferdegypte.com\/en\/wp-json\/wp\/v2\/product\/12027\/revisions\/12773"}],"wp:featuredmedia":[{"embeddable":true,"href":"https:\/\/neferdegypte.com\/en\/wp-json\/wp\/v2\/media\/12365"}],"wp:attachment":[{"href":"https:\/\/neferdegypte.com\/en\/wp-json\/wp\/v2\/media?parent=12027"}],"wp:term":[{"taxonomy":"product_brand","embeddable":true,"href":"https:\/\/neferdegypte.com\/en\/wp-json\/wp\/v2\/product_brand?post=12027"},{"taxonomy":"product_cat","embeddable":true,"href":"https:\/\/neferdegypte.com\/en\/wp-json\/wp\/v2\/product_cat?post=12027"},{"taxonomy":"product_tag","embeddable":true,"href":"https:\/\/neferdegypte.com\/en\/wp-json\/wp\/v2\/product_tag?post=12027"}],"curies":[{"name":"wp","href":"https:\/\/api.w.org\/{rel}","templated":true}]}}